{"id":3673,"date":"2024-07-08T07:42:55","date_gmt":"2024-07-08T07:42:55","guid":{"rendered":"https:\/\/www.wpd.fi\/svenska\/?page_id=3673"},"modified":"2026-02-23T08:23:49","modified_gmt":"2026-02-23T08:23:49","slug":"ansvar","status":"publish","type":"page","link":"https:\/\/www.wpd.fi\/svenska\/ansvar\/","title":{"rendered":"Ansvar"},"content":{"rendered":"","protected":false},"excerpt":{"rendered":"a:4:{i:0;s:11:&#8221;text-normal&#8221;;i:1;s:11:&#8221;text-normal&#8221;;i:2;s:11:&#8221;text-normal&#8221;;i:3;s:16:&#8221;aktuelles_slider&#8221;;}     0 a:1:{i:0;s:0:&#8221;&#8221;;} Ansvar Vi vill ligga i framkanten n\u00e4r det g\u00e4ller den viktigaste omst\u00e4llningen i v\u00e5r tid: \u00f6verg\u00e5ngen till ett fossilfritt energisystem. V\u00e5rt m\u00e5l \u00e4r att utveckla projekt f\u00f6r f\u00f6rnybar energi som \u00e4r b\u00e4st l\u00e4mpade f\u00f6r det finska samh\u00e4llet och milj\u00f6n.\r\n\r\nAnsvar \u00e4r en v\u00e4rdegrund f\u00f6r oss och vi \u00e4r fast beslutna att utf\u00f6ra v\u00e5rt arbete p\u00e5 ett s\u00e5 h\u00e5llbart s\u00e4tt som m\u00f6jligt \u2013 med respekt f\u00f6r naturen och m\u00e4nniskorna. weiss    Milj\u00f6ansvar och social acceptans F\u00f6rutom milj\u00f6faktorer styr \u00e4ven sociala h\u00e4nsyn valet och planeringen av projektomr\u00e5den. Lokal acceptans \u00e4r avg\u00f6rande f\u00f6r en smidig genomf\u00f6rande av v\u00e5ra projekt. Interaktion med inv\u00e5narna \u00e4r centralt f\u00f6r v\u00e5r verksamhet: vi anordnar en rad olika evenemang och utvecklar st\u00e4ndigt effektivare metoder f\u00f6r deltagande.\r\n\r\nLagstadgade krav \u00e4r minimistandarden f\u00f6r projektutveckling, men vi st\u00e4ller h\u00f6gre krav p\u00e5 oss sj\u00e4lva inom omr\u00e5den som milj\u00f6skydd och dialog med intressenter. hellblau   3380 Hur \u00e5terspeglas ansvarstagande i v\u00e5r verksamhet? <img loading=\"lazy\" decoding=\"async\" class=\"alignleft wp-image-3789\" src=\"https:\/\/www.wpd.fi\/svenska\/wp-content\/uploads\/sites\/3\/2024\/07\/voimalat.png\" alt=\"\" width=\"79\" height=\"84\" \/>\r\n\r\n<strong>Vi \u00f6verv\u00e4ger noggrant var vindkraftverk ska placeras<\/strong>. Att v\u00e4lja projektomr\u00e5den inneb\u00e4r mycket mer \u00e4n att bara leta efter bra vindf\u00f6rh\u00e5llanden. Vi har noggranna kriterier som m\u00e5ste uppfyllas innan ett projekt kan g\u00e5 vidare till n\u00e4sta steg, d\u00e4r kontakt med mark\u00e4gare \u00e4r en central del av bed\u00f6mningen. Vi tar h\u00e4nsyn till regionala s\u00e4rdrag redan fr\u00e5n projektets b\u00f6rjan.\r\n\r\n<hr \/>\r\n\r\n<strong><img loading=\"lazy\" decoding=\"async\" class=\"alignleft wp-image-3820\" src=\"https:\/\/www.wpd.fi\/svenska\/wp-content\/uploads\/sites\/3\/2024\/07\/puhekuplat.png\" alt=\"\" width=\"80\" height=\"82\" \/>Vi satsar p\u00e5 dialog. <\/strong>Mark\u00e4garnas och inv\u00e5narnas \u00e5sikter \u00e4r viktiga f\u00f6r oss. Vi arbetar st\u00e4ndigt med att utveckla s\u00e4tt att involvera m\u00e4nniskor i v\u00e5ra projekt och anordnar ett flertal informationsm\u00f6ten under projektutvecklingsfasen i vindkraftskommunen. Vi kommunicerar aktivt och via flera kanaler, med h\u00e4nsyn till varje projekts specifika behov.<strong>\r\n<\/strong>\r\n\r\n<hr \/>\r\n\r\n<img loading=\"lazy\" decoding=\"async\" class=\"alignleft wp-image-3846\" src=\"https:\/\/www.wpd.fi\/svenska\/wp-content\/uploads\/sites\/3\/2024\/07\/raportti.png\" alt=\"\" width=\"80\" height=\"82\" \/><strong>Vi kr\u00e4ver milj\u00f6konsekvensbed\u00f6mningar (MKB) av h\u00f6g kvalitet och genomf\u00f6r v\u00e5ra studier med stor omsorg.<\/strong> Ibland finjusterar vi detaljerna f\u00f6r att s\u00e4kerst\u00e4lla ett bra resultat. \u00c4ven om energiomst\u00e4llningen \u00e4r br\u00e5dskande b\u00f6r den inte genomf\u00f6ras p\u00e5 bekostnad av naturen.\r\n\r\n<hr \/>\r\n\r\n<strong><img loading=\"lazy\" decoding=\"async\" class=\"wp-image-3803 alignleft\" src=\"https:\/\/www.wpd.fi\/svenska\/wp-content\/uploads\/sites\/3\/2024\/07\/arvokohde.png\" alt=\"\" width=\"80\" height=\"78\" \/><\/strong>\r\n\r\n<strong>Vi v\u00e4rnar om att bevara v\u00e4rdefulla platser<\/strong>. Vi ser till att v\u00e4rdefulla natur- och arkeologiska platser som finns i projektomr\u00e5dena beaktas b\u00e5de under bygg- och produktionsfasen. Vi instruerar v\u00e5ra entrepren\u00f6rer och andra underleverant\u00f6rer att skydda identifierade v\u00e4rdefulla platser under bygg- och driftsfaserna.\r\n\r\n<hr \/>\r\n\r\n<strong><img loading=\"lazy\" decoding=\"async\" class=\"alignleft wp-image-3821\" src=\"https:\/\/www.wpd.fi\/svenska\/wp-content\/uploads\/sites\/3\/2024\/07\/kaivuri.png\" alt=\"\" width=\"80\" height=\"82\" \/><\/strong>\r\n\r\n<strong>Vi prioriterar lokala samarbetspartner.<\/strong> Vi l\u00e4gger ut alla v\u00e5ra projekt p\u00e5 anbud och tar h\u00e4nsyn till lokalitet, inhemskt ursprung och ansvar n\u00e4r vi v\u00e4ljer v\u00e5ra samarbetspartner. Vi anlitar till exempel ofta lokala gr\u00e4vf\u00f6retag.\r\n\r\n<hr \/>\r\n\r\n<b><img loading=\"lazy\" decoding=\"async\" class=\"alignleft wp-image-3814\" src=\"https:\/\/www.wpd.fi\/svenska\/wp-content\/uploads\/sites\/3\/2024\/07\/kattapaalle.png\" alt=\"\" width=\"80\" height=\"78\" \/>Vi uppr\u00e4tth\u00e5ller ansvarsfulla leverant\u00f6rskedjor. <\/b>Vi str\u00e4var efter att noggrant v\u00e4lja ut v\u00e5ra leverant\u00f6rer och underleverant\u00f6rer f\u00f6r att s\u00e4kerst\u00e4lla att hela v\u00e5r leverant\u00f6rskedja f\u00f6ljer h\u00e5llbara och milj\u00f6v\u00e4nliga principer. Vi st\u00e4ller h\u00f6ga krav p\u00e5 oss sj\u00e4lva och v\u00e5ra partners och utv\u00e4rderar regelbundet efterlevnaden av dessa krav.<b>\r\n<\/b>\r\n\r\n<hr \/>\r\n\r\n<strong><img loading=\"lazy\" decoding=\"async\" class=\"alignleft wp-image-3816\" src=\"https:\/\/www.wpd.fi\/svenska\/wp-content\/uploads\/sites\/3\/2024\/07\/peukku.png\" alt=\"\" width=\"80\" height=\"78\" \/>Vi bedriver v\u00e5r verksamhet med integritet. <\/strong>Vi \u00e4r engagerade i r\u00e4ttvis konkurrens och \u00e5tg\u00e4rder mot mutor och korruption. Vi utbildar regelbundet v\u00e5ra anst\u00e4llda inom olika omr\u00e5den av f\u00f6retagsansvar. Vi investerar i transparent verksamhet och \u00f6ppen kommunikation.<strong>\r\n<\/strong>\r\n\r\n<hr \/>\r\n\r\n<strong><img loading=\"lazy\" decoding=\"async\" class=\"alignleft wp-image-3815\" src=\"https:\/\/www.wpd.fi\/svenska\/wp-content\/uploads\/sites\/3\/2024\/07\/hiilijalanjalki.png\" alt=\"\" width=\"80\" height=\"86\" \/>Vi kompenserar f\u00f6r v\u00e5rt koldioxidavtryck. <\/strong>Vi utv\u00e4rderar v\u00e5rt koldioxidavtryck \u00e5rligen i enlighet med det internationella Greenhouse Gas Protocol. Vi kompenserar f\u00f6r v\u00e5ra koldioxidutsl\u00e4pp, vilket st\u00e4rker v\u00e5rt engagemang i kampen mot klimatf\u00f6r\u00e4ndringarna. Vi f\u00f6rbereder oss f\u00f6r att publicera v\u00e5r f\u00f6rsta h\u00e5llbarhetsrapport 2026 i enlighet med CSRD-direktivet om h\u00e5llbarhetsrapportering.<strong>\r\n<\/strong> grau    0 fiftififti links Aktuellt     0 kein_schmuck 0     0 kein_schmuck 0    0 kein_schmuck 0 weiss kein_schmuck 0 ","protected":false},"author":14,"featured_media":6852,"parent":0,"menu_order":0,"comment_status":"closed","ping_status":"closed","template":"template-flexible-contents.php","meta":{"_acf_changed":false,"footnotes":""},"class_list":["post-3673","page","type-page","status-publish","has-post-thumbnail","hentry"],"acf":[],"yoast_head":"<!-- This site is optimized with the Yoast SEO plugin v27.0 - https:\/\/yoast.com\/product\/yoast-seo-wordpress\/ -->\n<title>Ansvar<\/title>\n<meta name=\"description\" content=\"Ansvar \u00e4r en v\u00e4rdegrund f\u00f6r oss p\u00e5 wpd Suomi Oy och vi \u00e4r fast beslutna att utf\u00f6ra v\u00e5rt arbete p\u00e5 ett s\u00e5 h\u00e5llbart s\u00e4tt som m\u00f6jligt.\" \/>\n<meta name=\"robots\" content=\"index, follow, max-snippet:-1, max-image-preview:large, max-video-preview:-1\" \/>\n<link rel=\"canonical\" href=\"https:\/\/www.wpd.fi\/svenska\/ansvar\/\" \/>\n<meta property=\"og:locale\" content=\"en_US\" \/>\n<meta property=\"og:type\" content=\"article\" \/>\n<meta property=\"og:title\" content=\"Ansvar\" \/>\n<meta property=\"og:description\" content=\"Ansvar \u00e4r en v\u00e4rdegrund f\u00f6r oss p\u00e5 wpd Suomi Oy och vi \u00e4r fast beslutna att utf\u00f6ra v\u00e5rt arbete p\u00e5 ett s\u00e5 h\u00e5llbart s\u00e4tt som m\u00f6jligt.\" \/>\n<meta property=\"og:url\" content=\"https:\/\/www.wpd.fi\/svenska\/ansvar\/\" \/>\n<meta property=\"og:site_name\" content=\"wpd.fi Svenska\" \/>\n<meta property=\"article:modified_time\" content=\"2026-02-23T08:23:49+00:00\" \/>\n<meta property=\"og:image\" content=\"https:\/\/www.wpd.fi\/svenska\/wp-content\/uploads\/sites\/3\/2025\/01\/Oulainen_Maaselankangas-scaled-e1739801171510.jpg\" \/>\n\t<meta property=\"og:image:width\" content=\"2210\" \/>\n\t<meta property=\"og:image:height\" content=\"1135\" \/>\n\t<meta property=\"og:image:type\" content=\"image\/jpeg\" \/>\n<meta name=\"twitter:card\" content=\"summary_large_image\" \/>\n<meta name=\"twitter:label1\" content=\"Est. reading time\" \/>\n\t<meta name=\"twitter:data1\" content=\"1 minute\" \/>\n<script type=\"application\/ld+json\" class=\"yoast-schema-graph\">{\"@context\":\"https:\/\/schema.org\",\"@graph\":[{\"@type\":\"WebPage\",\"@id\":\"https:\/\/www.wpd.fi\/svenska\/ansvar\/\",\"url\":\"https:\/\/www.wpd.fi\/svenska\/ansvar\/\",\"name\":\"Ansvar\",\"isPartOf\":{\"@id\":\"https:\/\/www.wpd.fi\/svenska\/#website\"},\"primaryImageOfPage\":{\"@id\":\"https:\/\/www.wpd.fi\/svenska\/ansvar\/#primaryimage\"},\"image\":{\"@id\":\"https:\/\/www.wpd.fi\/svenska\/ansvar\/#primaryimage\"},\"thumbnailUrl\":\"https:\/\/www.wpd.fi\/svenska\/wp-content\/uploads\/sites\/3\/2025\/01\/Oulainen_Maaselankangas-scaled-e1739801171510.jpg\",\"datePublished\":\"2024-07-08T07:42:55+00:00\",\"dateModified\":\"2026-02-23T08:23:49+00:00\",\"description\":\"Ansvar \u00e4r en v\u00e4rdegrund f\u00f6r oss p\u00e5 wpd Suomi Oy och vi \u00e4r fast beslutna att utf\u00f6ra v\u00e5rt arbete p\u00e5 ett s\u00e5 h\u00e5llbart s\u00e4tt som m\u00f6jligt.\",\"breadcrumb\":{\"@id\":\"https:\/\/www.wpd.fi\/svenska\/ansvar\/#breadcrumb\"},\"inLanguage\":\"en-US\",\"potentialAction\":[{\"@type\":\"ReadAction\",\"target\":[\"https:\/\/www.wpd.fi\/svenska\/ansvar\/\"]}]},{\"@type\":\"ImageObject\",\"inLanguage\":\"en-US\",\"@id\":\"https:\/\/www.wpd.fi\/svenska\/ansvar\/#primaryimage\",\"url\":\"https:\/\/www.wpd.fi\/svenska\/wp-content\/uploads\/sites\/3\/2025\/01\/Oulainen_Maaselankangas-scaled-e1739801171510.jpg\",\"contentUrl\":\"https:\/\/www.wpd.fi\/svenska\/wp-content\/uploads\/sites\/3\/2025\/01\/Oulainen_Maaselankangas-scaled-e1739801171510.jpg\",\"width\":2210,\"height\":1135},{\"@type\":\"BreadcrumbList\",\"@id\":\"https:\/\/www.wpd.fi\/svenska\/ansvar\/#breadcrumb\",\"itemListElement\":[{\"@type\":\"ListItem\",\"position\":1,\"name\":\"Startseite\",\"item\":\"https:\/\/www.wpd.fi\/svenska\/\"},{\"@type\":\"ListItem\",\"position\":2,\"name\":\"Ansvar\"}]},{\"@type\":\"WebSite\",\"@id\":\"https:\/\/www.wpd.fi\/svenska\/#website\",\"url\":\"https:\/\/www.wpd.fi\/svenska\/\",\"name\":\"wpd.fi Svenska\",\"description\":\"Utveckling, konstruktion och drift av projekt inom f\u00f6rnybar energi\",\"potentialAction\":[{\"@type\":\"SearchAction\",\"target\":{\"@type\":\"EntryPoint\",\"urlTemplate\":\"https:\/\/www.wpd.fi\/svenska\/?s={search_term_string}\"},\"query-input\":{\"@type\":\"PropertyValueSpecification\",\"valueRequired\":true,\"valueName\":\"search_term_string\"}}],\"inLanguage\":\"en-US\"}]}<\/script>\n<!-- \/ Yoast SEO plugin. -->","yoast_head_json":{"title":"Ansvar","description":"Ansvar \u00e4r en v\u00e4rdegrund f\u00f6r oss p\u00e5 wpd Suomi Oy och vi \u00e4r fast beslutna att utf\u00f6ra v\u00e5rt arbete p\u00e5 ett s\u00e5 h\u00e5llbart s\u00e4tt som m\u00f6jligt.","robots":{"index":"index","follow":"follow","max-snippet":"max-snippet:-1","max-image-preview":"max-image-preview:large","max-video-preview":"max-video-preview:-1"},"canonical":"https:\/\/www.wpd.fi\/svenska\/ansvar\/","og_locale":"en_US","og_type":"article","og_title":"Ansvar","og_description":"Ansvar \u00e4r en v\u00e4rdegrund f\u00f6r oss p\u00e5 wpd Suomi Oy och vi \u00e4r fast beslutna att utf\u00f6ra v\u00e5rt arbete p\u00e5 ett s\u00e5 h\u00e5llbart s\u00e4tt som m\u00f6jligt.","og_url":"https:\/\/www.wpd.fi\/svenska\/ansvar\/","og_site_name":"wpd.fi Svenska","article_modified_time":"2026-02-23T08:23:49+00:00","og_image":[{"width":2210,"height":1135,"url":"https:\/\/www.wpd.fi\/svenska\/wp-content\/uploads\/sites\/3\/2025\/01\/Oulainen_Maaselankangas-scaled-e1739801171510.jpg","type":"image\/jpeg"}],"twitter_card":"summary_large_image","twitter_misc":{"Est. reading time":"1 minute"},"schema":{"@context":"https:\/\/schema.org","@graph":[{"@type":"WebPage","@id":"https:\/\/www.wpd.fi\/svenska\/ansvar\/","url":"https:\/\/www.wpd.fi\/svenska\/ansvar\/","name":"Ansvar","isPartOf":{"@id":"https:\/\/www.wpd.fi\/svenska\/#website"},"primaryImageOfPage":{"@id":"https:\/\/www.wpd.fi\/svenska\/ansvar\/#primaryimage"},"image":{"@id":"https:\/\/www.wpd.fi\/svenska\/ansvar\/#primaryimage"},"thumbnailUrl":"https:\/\/www.wpd.fi\/svenska\/wp-content\/uploads\/sites\/3\/2025\/01\/Oulainen_Maaselankangas-scaled-e1739801171510.jpg","datePublished":"2024-07-08T07:42:55+00:00","dateModified":"2026-02-23T08:23:49+00:00","description":"Ansvar \u00e4r en v\u00e4rdegrund f\u00f6r oss p\u00e5 wpd Suomi Oy och vi \u00e4r fast beslutna att utf\u00f6ra v\u00e5rt arbete p\u00e5 ett s\u00e5 h\u00e5llbart s\u00e4tt som m\u00f6jligt.","breadcrumb":{"@id":"https:\/\/www.wpd.fi\/svenska\/ansvar\/#breadcrumb"},"inLanguage":"en-US","potentialAction":[{"@type":"ReadAction","target":["https:\/\/www.wpd.fi\/svenska\/ansvar\/"]}]},{"@type":"ImageObject","inLanguage":"en-US","@id":"https:\/\/www.wpd.fi\/svenska\/ansvar\/#primaryimage","url":"https:\/\/www.wpd.fi\/svenska\/wp-content\/uploads\/sites\/3\/2025\/01\/Oulainen_Maaselankangas-scaled-e1739801171510.jpg","contentUrl":"https:\/\/www.wpd.fi\/svenska\/wp-content\/uploads\/sites\/3\/2025\/01\/Oulainen_Maaselankangas-scaled-e1739801171510.jpg","width":2210,"height":1135},{"@type":"BreadcrumbList","@id":"https:\/\/www.wpd.fi\/svenska\/ansvar\/#breadcrumb","itemListElement":[{"@type":"ListItem","position":1,"name":"Startseite","item":"https:\/\/www.wpd.fi\/svenska\/"},{"@type":"ListItem","position":2,"name":"Ansvar"}]},{"@type":"WebSite","@id":"https:\/\/www.wpd.fi\/svenska\/#website","url":"https:\/\/www.wpd.fi\/svenska\/","name":"wpd.fi Svenska","description":"Utveckling, konstruktion och drift av projekt inom f\u00f6rnybar energi","potentialAction":[{"@type":"SearchAction","target":{"@type":"EntryPoint","urlTemplate":"https:\/\/www.wpd.fi\/svenska\/?s={search_term_string}"},"query-input":{"@type":"PropertyValueSpecification","valueRequired":true,"valueName":"search_term_string"}}],"inLanguage":"en-US"}]}},"publishpress_future_action":{"enabled":false,"date":"2026-04-30 23:26:54","action":"change-status","newStatus":"draft","terms":[],"taxonomy":"","extraData":[]},"publishpress_future_workflow_manual_trigger":{"enabledWorkflows":[]},"_links":{"self":[{"href":"https:\/\/www.wpd.fi\/svenska\/wp-json\/wp\/v2\/pages\/3673","targetHints":{"allow":["GET"]}}],"collection":[{"href":"https:\/\/www.wpd.fi\/svenska\/wp-json\/wp\/v2\/pages"}],"about":[{"href":"https:\/\/www.wpd.fi\/svenska\/wp-json\/wp\/v2\/types\/page"}],"author":[{"embeddable":true,"href":"https:\/\/www.wpd.fi\/svenska\/wp-json\/wp\/v2\/users\/14"}],"replies":[{"embeddable":true,"href":"https:\/\/www.wpd.fi\/svenska\/wp-json\/wp\/v2\/comments?post=3673"}],"version-history":[{"count":227,"href":"https:\/\/www.wpd.fi\/svenska\/wp-json\/wp\/v2\/pages\/3673\/revisions"}],"predecessor-version":[{"id":8231,"href":"https:\/\/www.wpd.fi\/svenska\/wp-json\/wp\/v2\/pages\/3673\/revisions\/8231"}],"wp:featuredmedia":[{"embeddable":true,"href":"https:\/\/www.wpd.fi\/svenska\/wp-json\/wp\/v2\/media\/6852"}],"wp:attachment":[{"href":"https:\/\/www.wpd.fi\/svenska\/wp-json\/wp\/v2\/media?parent=3673"}],"curies":[{"name":"wp","href":"https:\/\/api.w.org\/{rel}","templated":true}]}}