{"id":3994,"date":"2024-08-07T21:55:45","date_gmt":"2024-08-07T21:55:45","guid":{"rendered":"https:\/\/www.wpd.fi\/svenska\/?page_id=3994"},"modified":"2026-02-23T06:46:50","modified_gmt":"2026-02-23T06:46:50","slug":"hur-fortskrider-projektet","status":"publish","type":"page","link":"https:\/\/www.wpd.fi\/svenska\/hur-fortskrider-projektet\/","title":{"rendered":"Hur fortskrider projektet?"},"content":{"rendered":"<p>Vindkraftsprojekt \u00e4r storskaliga satsningar som kr\u00e4ver omfattande unders\u00f6kningar, noggrann planering och framf\u00f6r allt t\u00e5lamod. Det finns inget utrymme f\u00f6r att skynda p\u00e5 projekten. Ett grundligt arbete s\u00e4kerst\u00e4ller att vindkraften utvecklas p\u00e5 ett h\u00e5llbart s\u00e4tt och i enlighet med milj\u00f6kraven.<\/p>\n<p>Varje projekt \u00e4r unikt, men generellt sett kan projekten delas in i sex faser.<\/p>\n","protected":false},"excerpt":{"rendered":"    0 Prelimin\u00e4ra unders\u00f6kningar och arrendef\u00f6rhandlingar Projektet inleds vanligtvis med v\u00e5ra egna unders\u00f6kningar eller genom en anbudsinfordran som organiseras av mark\u00e4garna. I b\u00f6rjan av projektet unders\u00f6ks bland annat projektomr\u00e5dets omfattning prelimin\u00e4ra antalet vindkraftverk, och m\u00f6jligheterna till el\u00f6verf\u00f6ring. Bebyggelse, naturskyddsomr\u00e5den och andra faktorer som p\u00e5verkar projektet tas i beaktan i ett tidigt skede. Ett utl\u00e5tande om projektet beg\u00e4rs i ett tidigt skede av F\u00f6rsvarsmakten.\r\n\r\nUnder den prelimin\u00e4ra projektfasen inleds diskussioner med olika intressenter, s\u00e5som mark\u00e4gare, inv\u00e5nare och kommuner. I det h\u00e4r skedet sluter man ocks\u00e5 markarrendeavtal med mark\u00e4garna. Kommunen m\u00e5ste ocks\u00e5 ha en positiv inst\u00e4llning till projektet f\u00f6r att det ska kunna genomf\u00f6ras. 4010 MKB och planl\u00e4ggning Vindkraftsprojekt kr\u00e4ver oftast en giltig delgeneralplan. Planl\u00e4ggningsprocessen f\u00f6r projektet kan p\u00e5b\u00f6rjas d\u00e5 kommunen har godk\u00e4nt planl\u00e4ggningsinitiativet. En milj\u00f6konsekvensbed\u00f6mning (MKB) genomf\u00f6rs vanligtvis i samband med planl\u00e4ggningen. Kommunen ansvarar planl\u00e4ggningen,\u00a0 men en konsult anlitas f\u00f6r att genomf\u00f6ra utrednings- och rapporteringsarbetet f\u00f6r MKB och planl\u00e4ggningen.\r\n\r\nMKB-f\u00f6rfarandet omfattar flera naturutredningar, en bed\u00f6mning av projektets betydande milj\u00f6p\u00e5verkan och en j\u00e4mf\u00f6relse av olika alternativ f\u00f6r projektets genomf\u00f6rande. I b\u00f6rjan av MKB-f\u00f6rfarandet offentligg\u00f6rs ett MKB-program som beskriver hur milj\u00f6konsekvensbed\u00f6mningen kommer att genomf\u00f6ras. Resultaten av unders\u00f6kningen och den slutliga bed\u00f6mningen presenteras i milj\u00f6konsekvensbeskrivningen. Milj\u00f6konsekvensbeskrivningen anv\u00e4nds f\u00f6r att avg\u00f6ra vilka alternativ som \u00e4r genomf\u00f6rbara och vilken typ av projekt som \u00e4r mest l\u00e4mpligt f\u00f6r omr\u00e5det. MKB-f\u00f6rfarandet \u00f6vervakas av den Tillst\u00e5nds- och tillsynsverket, som ocks\u00e5 bed\u00f6mer om de unders\u00f6kningar som genomf\u00f6rts inom ramen f\u00f6r MKB-f\u00f6rfarandet \u00e4r tillr\u00e4ckliga.\r\n\r\nMKB-unders\u00f6kningarna beaktas ocks\u00e5 i markanv\u00e4ndningsplaneringen. Markanv\u00e4ndningsplaneringen och MKB-f\u00f6rfarandet genomf\u00f6rs vanligtvis samtidigt.\r\n\r\nL\u00e4s mer om milj\u00f6konsekvensbed\u00f6mningsf\u00f6rfarandet p\u00e5 Milj\u00f6ministeriets webbplats: <a href=\"https:\/\/www.ymparisto.fi\/sv\/medverka\/miljokonsekvensbedomning\/forfarandet-miljokonsekvensbedomning-av-projekt-mkb\" target=\"_blank\" rel=\"noopener\">Ymparisto.fi<\/a> 4030 Tillst\u00e5ndsprocess och planering av kraftledningar D\u00e5 delgeneralplanen tr\u00e4tt i kraft kan man ans\u00f6ka om bygglov f\u00f6r vindkraftverken. F\u00f6rutom bygglov kr\u00e4ver vindkraftsprojektet \u00e4ven andra utl\u00e5tanden och tillst\u00e5nd, s\u00e5som ett positivt utl\u00e5tande fr\u00e5n F\u00f6rsvarsmakten och flyghindertillst\u00e5nd. Tillst\u00e5nd f\u00f6r projektets el\u00f6verf\u00f6ring tillhandah\u00e5lls vanligtvis i enlighet med inl\u00f6sningslagen.\r\n\r\nPlaneringen av vindkraftsprojektet omfattar \u00e4ven vindm\u00e4tningar som utf\u00f6rs projektomr\u00e5det. Vindm\u00e4tningarna g\u00f6ras p\u00e5 en h\u00f6jd av 150\u2013180 meter med hj\u00e4lp av en vindm\u00e4tningsmast som uppf\u00f6rs i projektomr\u00e5det. En Sodar-vindm\u00e4tningsanordning, som s\u00e4nder och tar emot ljudsignaler, kommer ocks\u00e5 att anv\u00e4ndas f\u00f6r att underl\u00e4tta m\u00e4tningarna. Vindm\u00e4tningarna tas vanligtvis cirka 1\u20133 \u00e5r.\r\n\r\nN\u00e4r projektet har bed\u00f6mts vara genomf\u00f6rbart och alla n\u00f6dv\u00e4ndiga tillst\u00e5nd har erh\u00e5llits fattas ett inveteringsbeslut f\u00f6r projektet. 4018 Byggnation N\u00e4r investeringsbeslutet har tagits kan byggandet p\u00e5b\u00f6rjas. Byggskedet tar cirka 1\u20133 \u00e5r, beroende p\u00e5 projektets storlek. V\u00e5rt dettoerbolag, wpd Construction Finland, ansvarar f\u00f6r byggfasen. Byggandet inleds med tr\u00e4df\u00e4llning, v\u00e4gbygge och gjutning av fundament. Vi str\u00e4var efter att anv\u00e4nda s\u00e5 mycket inhemsk arbetskraft som m\u00f6jligt i byggskedet.\r\n\r\nVindkraftleverant\u00f6ren ansvarar f\u00f6r transporten av turbinkomponenterna och kranen till platsen samt f\u00f6r uppf\u00f6randet av turbinerna. Efter noggranna tester av turbinerna \u00f6verl\u00e4mnas kontrollen till vindkraftsf\u00f6retaget och vindkraftsparken tas officiellt i drift. 4019 Produktion Under produktionsfasen kommer projektet att \u00f6verl\u00e5tas \u00e5t v\u00e5rt dotterbolag wpd windmanager Suomi, som sk\u00f6ter om driften av v\u00e5ra vindkraftsverk.\u00a0 Elen som vindkraftverken produceras s\u00e4ljs till marknaden och projektets kassafl\u00f6de blir positivt. Under produktionsfasen betalas fastighetsskatt kommunen, och arredet som betalas \u00e5t mark\u00e4garna \u00f6kar.\r\n\r\nModerna vindkraftverk har en livsl\u00e4ngd p\u00e5 upp till cirka 35 \u00e5r. 4020 Avveckling och repowering Rivningsgarantier, det vill s\u00e4ga, medel f\u00f6r att t\u00e4cka rivningskostnaderna, reserveras f\u00f6r rivningen av vindkraftverken vid byggstart. Vindkraftverken rivs och det mesta av materialet \u00e5tervinns.\r\nRepowering, dvs. rivning av vindkraftverk och uppf\u00f6rande av nya vindkraftverk i det gamla projektomr\u00e5det, \u00e4r ocks\u00e5 m\u00f6jligt.\r\n\r\nI detta fall b\u00f6rjar vi om fr\u00e5n b\u00f6rjan, dvs. nya markarrendeavtal ing\u00e5s med mark\u00e4garna, en ny milj\u00f6konsekvensbed\u00f6mning genomf\u00f6rs f\u00f6r projektet och en ny lokal \u00f6versiktsplan uppr\u00e4ttas f\u00f6r projektomr\u00e5det. 4021 a:6:{i:0;s:13:&#8221;schritt_hinzu&#8221;;i:1;s:13:&#8221;schritt_hinzu&#8221;;i:2;s:13:&#8221;schritt_hinzu&#8221;;i:3;s:13:&#8221;schritt_hinzu&#8221;;i:4;s:13:&#8221;schritt_hinzu&#8221;;i:5;s:13:&#8221;schritt_hinzu&#8221;;} a:1:{i:0;s:0:&#8221;&#8221;;}   Hur fortskrider projektet? 0 ","protected":false},"author":14,"featured_media":6856,"parent":0,"menu_order":0,"comment_status":"closed","ping_status":"closed","template":"template-11schritte.php","meta":{"_acf_changed":false,"footnotes":""},"class_list":["post-3994","page","type-page","status-publish","has-post-thumbnail","hentry"],"acf":[],"yoast_head":"<!-- This site is optimized with the Yoast SEO plugin v27.0 - https:\/\/yoast.com\/product\/yoast-seo-wordpress\/ -->\n<title>Hur fortskrider projektet?<\/title>\n<meta name=\"description\" content=\"Vindkraftsprojekt \u00e4r storskaliga satsningar som kr\u00e4ver omfattande unders\u00f6kningar, noggrann planering och framf\u00f6r allt t\u00e5lamod.\" \/>\n<meta name=\"robots\" content=\"index, follow, max-snippet:-1, max-image-preview:large, max-video-preview:-1\" \/>\n<link rel=\"canonical\" href=\"https:\/\/www.wpd.fi\/svenska\/hur-fortskrider-projektet\/\" \/>\n<meta property=\"og:locale\" content=\"en_US\" \/>\n<meta property=\"og:type\" content=\"article\" \/>\n<meta property=\"og:title\" content=\"Hur fortskrider projektet?\" \/>\n<meta property=\"og:description\" content=\"Vindkraftsprojekt \u00e4r storskaliga satsningar som kr\u00e4ver omfattande unders\u00f6kningar, noggrann planering och framf\u00f6r allt t\u00e5lamod.\" \/>\n<meta property=\"og:url\" content=\"https:\/\/www.wpd.fi\/svenska\/hur-fortskrider-projektet\/\" \/>\n<meta property=\"og:site_name\" content=\"wpd.fi Svenska\" \/>\n<meta property=\"article:modified_time\" content=\"2026-02-23T06:46:50+00:00\" \/>\n<meta property=\"og:image\" content=\"https:\/\/www.wpd.fi\/svenska\/wp-content\/uploads\/sites\/3\/2025\/01\/vlcsnap-2025-01-10-16h22m14s362-e1736518968901-1500x647.png\" \/>\n\t<meta property=\"og:image:width\" content=\"1500\" \/>\n\t<meta property=\"og:image:height\" content=\"647\" \/>\n\t<meta property=\"og:image:type\" content=\"image\/png\" \/>\n<meta name=\"twitter:card\" content=\"summary_large_image\" \/>\n<meta name=\"twitter:label1\" content=\"Est. reading time\" \/>\n\t<meta name=\"twitter:data1\" content=\"1 minute\" \/>\n<script type=\"application\/ld+json\" class=\"yoast-schema-graph\">{\"@context\":\"https:\/\/schema.org\",\"@graph\":[{\"@type\":\"WebPage\",\"@id\":\"https:\/\/www.wpd.fi\/svenska\/hur-fortskrider-projektet\/\",\"url\":\"https:\/\/www.wpd.fi\/svenska\/hur-fortskrider-projektet\/\",\"name\":\"Hur fortskrider projektet?\",\"isPartOf\":{\"@id\":\"https:\/\/www.wpd.fi\/svenska\/#website\"},\"primaryImageOfPage\":{\"@id\":\"https:\/\/www.wpd.fi\/svenska\/hur-fortskrider-projektet\/#primaryimage\"},\"image\":{\"@id\":\"https:\/\/www.wpd.fi\/svenska\/hur-fortskrider-projektet\/#primaryimage\"},\"thumbnailUrl\":\"https:\/\/www.wpd.fi\/svenska\/wp-content\/uploads\/sites\/3\/2025\/01\/vlcsnap-2025-01-10-16h22m14s362-e1736518968901.png\",\"datePublished\":\"2024-08-07T21:55:45+00:00\",\"dateModified\":\"2026-02-23T06:46:50+00:00\",\"description\":\"Vindkraftsprojekt \u00e4r storskaliga satsningar som kr\u00e4ver omfattande unders\u00f6kningar, noggrann planering och framf\u00f6r allt t\u00e5lamod.\",\"breadcrumb\":{\"@id\":\"https:\/\/www.wpd.fi\/svenska\/hur-fortskrider-projektet\/#breadcrumb\"},\"inLanguage\":\"en-US\",\"potentialAction\":[{\"@type\":\"ReadAction\",\"target\":[\"https:\/\/www.wpd.fi\/svenska\/hur-fortskrider-projektet\/\"]}]},{\"@type\":\"ImageObject\",\"inLanguage\":\"en-US\",\"@id\":\"https:\/\/www.wpd.fi\/svenska\/hur-fortskrider-projektet\/#primaryimage\",\"url\":\"https:\/\/www.wpd.fi\/svenska\/wp-content\/uploads\/sites\/3\/2025\/01\/vlcsnap-2025-01-10-16h22m14s362-e1736518968901.png\",\"contentUrl\":\"https:\/\/www.wpd.fi\/svenska\/wp-content\/uploads\/sites\/3\/2025\/01\/vlcsnap-2025-01-10-16h22m14s362-e1736518968901.png\",\"width\":2625,\"height\":1133},{\"@type\":\"BreadcrumbList\",\"@id\":\"https:\/\/www.wpd.fi\/svenska\/hur-fortskrider-projektet\/#breadcrumb\",\"itemListElement\":[{\"@type\":\"ListItem\",\"position\":1,\"name\":\"Startseite\",\"item\":\"https:\/\/www.wpd.fi\/svenska\/\"},{\"@type\":\"ListItem\",\"position\":2,\"name\":\"Hur fortskrider projektet?\"}]},{\"@type\":\"WebSite\",\"@id\":\"https:\/\/www.wpd.fi\/svenska\/#website\",\"url\":\"https:\/\/www.wpd.fi\/svenska\/\",\"name\":\"wpd.fi Svenska\",\"description\":\"Utveckling, konstruktion och drift av projekt inom f\u00f6rnybar energi\",\"potentialAction\":[{\"@type\":\"SearchAction\",\"target\":{\"@type\":\"EntryPoint\",\"urlTemplate\":\"https:\/\/www.wpd.fi\/svenska\/?s={search_term_string}\"},\"query-input\":{\"@type\":\"PropertyValueSpecification\",\"valueRequired\":true,\"valueName\":\"search_term_string\"}}],\"inLanguage\":\"en-US\"}]}<\/script>\n<!-- \/ Yoast SEO plugin. -->","yoast_head_json":{"title":"Hur fortskrider projektet?","description":"Vindkraftsprojekt \u00e4r storskaliga satsningar som kr\u00e4ver omfattande unders\u00f6kningar, noggrann planering och framf\u00f6r allt t\u00e5lamod.","robots":{"index":"index","follow":"follow","max-snippet":"max-snippet:-1","max-image-preview":"max-image-preview:large","max-video-preview":"max-video-preview:-1"},"canonical":"https:\/\/www.wpd.fi\/svenska\/hur-fortskrider-projektet\/","og_locale":"en_US","og_type":"article","og_title":"Hur fortskrider projektet?","og_description":"Vindkraftsprojekt \u00e4r storskaliga satsningar som kr\u00e4ver omfattande unders\u00f6kningar, noggrann planering och framf\u00f6r allt t\u00e5lamod.","og_url":"https:\/\/www.wpd.fi\/svenska\/hur-fortskrider-projektet\/","og_site_name":"wpd.fi Svenska","article_modified_time":"2026-02-23T06:46:50+00:00","og_image":[{"width":1500,"height":647,"url":"https:\/\/www.wpd.fi\/svenska\/wp-content\/uploads\/sites\/3\/2025\/01\/vlcsnap-2025-01-10-16h22m14s362-e1736518968901-1500x647.png","type":"image\/png"}],"twitter_card":"summary_large_image","twitter_misc":{"Est. reading time":"1 minute"},"schema":{"@context":"https:\/\/schema.org","@graph":[{"@type":"WebPage","@id":"https:\/\/www.wpd.fi\/svenska\/hur-fortskrider-projektet\/","url":"https:\/\/www.wpd.fi\/svenska\/hur-fortskrider-projektet\/","name":"Hur fortskrider projektet?","isPartOf":{"@id":"https:\/\/www.wpd.fi\/svenska\/#website"},"primaryImageOfPage":{"@id":"https:\/\/www.wpd.fi\/svenska\/hur-fortskrider-projektet\/#primaryimage"},"image":{"@id":"https:\/\/www.wpd.fi\/svenska\/hur-fortskrider-projektet\/#primaryimage"},"thumbnailUrl":"https:\/\/www.wpd.fi\/svenska\/wp-content\/uploads\/sites\/3\/2025\/01\/vlcsnap-2025-01-10-16h22m14s362-e1736518968901.png","datePublished":"2024-08-07T21:55:45+00:00","dateModified":"2026-02-23T06:46:50+00:00","description":"Vindkraftsprojekt \u00e4r storskaliga satsningar som kr\u00e4ver omfattande unders\u00f6kningar, noggrann planering och framf\u00f6r allt t\u00e5lamod.","breadcrumb":{"@id":"https:\/\/www.wpd.fi\/svenska\/hur-fortskrider-projektet\/#breadcrumb"},"inLanguage":"en-US","potentialAction":[{"@type":"ReadAction","target":["https:\/\/www.wpd.fi\/svenska\/hur-fortskrider-projektet\/"]}]},{"@type":"ImageObject","inLanguage":"en-US","@id":"https:\/\/www.wpd.fi\/svenska\/hur-fortskrider-projektet\/#primaryimage","url":"https:\/\/www.wpd.fi\/svenska\/wp-content\/uploads\/sites\/3\/2025\/01\/vlcsnap-2025-01-10-16h22m14s362-e1736518968901.png","contentUrl":"https:\/\/www.wpd.fi\/svenska\/wp-content\/uploads\/sites\/3\/2025\/01\/vlcsnap-2025-01-10-16h22m14s362-e1736518968901.png","width":2625,"height":1133},{"@type":"BreadcrumbList","@id":"https:\/\/www.wpd.fi\/svenska\/hur-fortskrider-projektet\/#breadcrumb","itemListElement":[{"@type":"ListItem","position":1,"name":"Startseite","item":"https:\/\/www.wpd.fi\/svenska\/"},{"@type":"ListItem","position":2,"name":"Hur fortskrider projektet?"}]},{"@type":"WebSite","@id":"https:\/\/www.wpd.fi\/svenska\/#website","url":"https:\/\/www.wpd.fi\/svenska\/","name":"wpd.fi Svenska","description":"Utveckling, konstruktion och drift av projekt inom f\u00f6rnybar energi","potentialAction":[{"@type":"SearchAction","target":{"@type":"EntryPoint","urlTemplate":"https:\/\/www.wpd.fi\/svenska\/?s={search_term_string}"},"query-input":{"@type":"PropertyValueSpecification","valueRequired":true,"valueName":"search_term_string"}}],"inLanguage":"en-US"}]}},"publishpress_future_action":{"enabled":false,"date":"2026-04-30 23:33:04","action":"change-status","newStatus":"draft","terms":[],"taxonomy":"","extraData":[]},"publishpress_future_workflow_manual_trigger":{"enabledWorkflows":[]},"_links":{"self":[{"href":"https:\/\/www.wpd.fi\/svenska\/wp-json\/wp\/v2\/pages\/3994","targetHints":{"allow":["GET"]}}],"collection":[{"href":"https:\/\/www.wpd.fi\/svenska\/wp-json\/wp\/v2\/pages"}],"about":[{"href":"https:\/\/www.wpd.fi\/svenska\/wp-json\/wp\/v2\/types\/page"}],"author":[{"embeddable":true,"href":"https:\/\/www.wpd.fi\/svenska\/wp-json\/wp\/v2\/users\/14"}],"replies":[{"embeddable":true,"href":"https:\/\/www.wpd.fi\/svenska\/wp-json\/wp\/v2\/comments?post=3994"}],"version-history":[{"count":113,"href":"https:\/\/www.wpd.fi\/svenska\/wp-json\/wp\/v2\/pages\/3994\/revisions"}],"predecessor-version":[{"id":8213,"href":"https:\/\/www.wpd.fi\/svenska\/wp-json\/wp\/v2\/pages\/3994\/revisions\/8213"}],"wp:featuredmedia":[{"embeddable":true,"href":"https:\/\/www.wpd.fi\/svenska\/wp-json\/wp\/v2\/media\/6856"}],"wp:attachment":[{"href":"https:\/\/www.wpd.fi\/svenska\/wp-json\/wp\/v2\/media?parent=3994"}],"curies":[{"name":"wp","href":"https:\/\/api.w.org\/{rel}","templated":true}]}}