{"id":4064,"date":"2024-07-31T10:28:42","date_gmt":"2024-07-31T10:28:42","guid":{"rendered":"https:\/\/www.wpd.fi\/svenska\/?page_id=4064"},"modified":"2026-02-23T07:09:32","modified_gmt":"2026-02-23T07:09:32","slug":"vad-vi-gor","status":"publish","type":"page","link":"https:\/\/www.wpd.fi\/svenska\/vad-vi-gor\/","title":{"rendered":"Vad vi g\u00f6r"},"content":{"rendered":"","protected":false},"excerpt":{"rendered":"Vad vi g\u00f6r Vi utformar och bygger projekt f\u00f6r f\u00f6rnybar energi som \u00e4r b\u00e4st l\u00e4mpade f\u00f6r den finska milj\u00f6n. Vi utvecklar alltid projekt f\u00f6r wpd:s eget \u00e4gande, vilket \u00e4r anledningen till att h\u00f6gkvalitativt arbete \u00e4r s\u00e4rskilt viktigt f\u00f6r oss. Vi \u00e4r en del av den internationella och finansiellt solida wpd-koncernen och tillhandah\u00e5ller tj\u00e4nster under hela projektets livscykel.\r\n\r\nL\u00e5ngsiktigt samarbete med v\u00e5ra intressenter \u00e4r k\u00e4rnan i v\u00e5r verksamhet. V\u00e5ra viktigaste partners \u00e4r mark\u00e4gare, kommunala tj\u00e4nstem\u00e4n, lokalbefolkningen och l\u00e5ngsiktiga elkunder, dvs. PPA-kunder. Varje m\u00f6te \u00e4r viktigt, och vi str\u00e4var efter att betj\u00e4na varje person personligen. Vi f\u00f6rbereder v\u00e5ra projekt med omsorg \u2013 vi kompromissar inte med planering, ansvar eller noggrann kommunikation.\r\n\r\nV\u00e5r k\u00e4rnverksamhet omfattar hela livscykeln f\u00f6r vind- och solkraftsparker \u2013 deras utveckling, byggande och drift. V\u00e5r verksamhet i Finland, som har p\u00e5g\u00e5tt i mer \u00e4n ett decennium, har resulterat i att \u00f6ver hundra vindkraftverk har byggts och l\u00e5ngsiktiga partnerskap med kommuner, mark\u00e4gare och PPA-kunder har etablerats. Vi tror att vi f\u00f6rst\u00e5r vindkraftsutvecklarnas m\u00e5l och \u00f6nskem\u00e5l ur kommunernas, mark\u00e4garnas och inv\u00e5narnas perspektiv n\u00e4r f\u00f6rnybar energi byggs i helt nya omr\u00e5den i kommunerna.\r\n\r\nOm du \u00e4r intresserad av att utveckla en vind- eller solkraftspark i ditt omr\u00e5de och vill att en erfaren operat\u00f6r ska hantera projektet, kontakta oss! weiss    a:6:{i:0;s:11:&#8221;text-normal&#8221;;i:1;s:5:&#8221;cards&#8221;;i:2;s:11:&#8221;text-normal&#8221;;i:3;s:11:&#8221;text-normal&#8221;;i:4;s:11:&#8221;text-normal&#8221;;i:5;s:11:&#8221;text-normal&#8221;;}   a:2:{i:0;s:3:&#8221;228&#8243;;i:1;s:4:&#8221;1025&#8243;;}  0 a:1:{i:0;s:0:&#8221;&#8221;;} Mark\u00e4gare, letar du efter en h\u00f6gkvalitativ partner f\u00f6r att utveckla din skog? Vi letar st\u00e4ndigt efter nya omr\u00e5den f\u00f6r vind- och solkraftsprojekt. Kontakta oss g\u00e4rna \u2013 vi tar hand om resten.\r\n\r\nL\u00e4s mer om vad vi erbjuder mark\u00e4gare och fyll i kontaktformul\u00e4ret:\r\n\r\n[insert_button link=\"https:\/\/www.wpd.fi\/svenska\/till_markagaren\/\" button_text=\"Uthyrning av mark till wpd\"] hellblau   3344 0 fiftififti rechts Ren energi med ett PPA-avtal Ren energi med ett PPA-avtal Wpd-koncernen har tecknat l\u00e5ngsiktiga elk\u00f6psavtal, eller PPA, f\u00f6r \u00f6ver 90 TWh. Bland v\u00e5ra PPA-kunder finns m\u00e5nga v\u00e4lk\u00e4nda f\u00f6retag.\r\n\r\nL\u00e4s mer om elk\u00f6psavtal och kontakta oss:\r\n\r\n[insert_button link=\"https:\/\/www.wpd.fi\/svenska\/elkopsavtal\/\" button_text=\"Elk\u00f6psavtal\"] dunkelblau   3470 0 fiftififti links F\u00f6rnybar energi \u2013 under hela dess livscykeln   grau slider 4150 Projektutveckling wpd Suomi Oy sk\u00f6ter allt fr\u00e5n de inledande projekteringsunders\u00f6kningarna och markarrendef\u00f6rhandlingarna till det slutliga investeringsbeslutet.\r\n\r\nL\u00e4r k\u00e4nna oss:\r\n\r\n<a href=\"https:\/\/www.wpd.fi\/svenska\/wpd-finland\" target=\"_blank\" rel=\"noopener\">wpd Finland<\/a>  4151 Byggnation Byggarbetet f\u00f6r projektet kommer att utf\u00f6ras av vindkraftsbyggnadsproffsen p\u00e5 wpd construction Finland Oy.\r\n\r\nL\u00e4s mer (bara p\u00e5 finska):\r\n\r\n<a href=\"https:\/\/www.wpd.fi\/rakentaminen-ja-sahkoverkot\/\" target=\"_blank\" rel=\"noopener\">wpd construction Finland Oy<\/a>  4152 Underh\u00e5ll och service Det f\u00e4rdigst\u00e4llda projektet kommer att \u00f6verf\u00f6ras till v\u00e5rt systerbolag wpd windmanager Suomi Oy, som ansvarar f\u00f6r driften av vindkraftparker.\r\n\r\nL\u00e4s mer om v\u00e5rt systerbolag (bara p\u00e5 finska):\r\n\r\n<a href=\"https:\/\/www.windmanager.fi\/\" target=\"_blank\" rel=\"noopener\">wpd windmanager Suomi Oy<\/a>  a:3:{i:0;s:4:&#8221;card&#8221;;i:1;s:4:&#8221;card&#8221;;i:2;s:4:&#8221;card&#8221;;} Ett vindkraftsprojekt som granne? Vindkraftprojekt v\u00e4cker mycket diskussion lokalt. Inv\u00e5nare och fritidshus\u00e4gare i omr\u00e5dena kring v\u00e5ra projekt \u00e4r v\u00e5r st\u00f6rsta intressentgrupp.\r\n\r\n\u00d6ppen dialog \u00e4r mycket viktigt f\u00f6r oss \u2013 du kan enkelt kontakta oss om du har n\u00e5gra fr\u00e5gor om v\u00e5ra projekt.\r\n\r\nL\u00e4s mer om de olika faserna i ett vindkraftsprojekt:\r\n\r\n[insert_button link=\"https:\/\/www.wpd.fi\/svenska\/hur-fortskrider-projektet\/\" button_text=\"Hur fortskrider projektet\"] hellblau   3534 0 fiftififti rechts En stabil projektoperat\u00f6r ligger i kommunens intresse Vindkraft erbjuder betydande f\u00f6rdelar f\u00f6r kommuner. Vi \u00e4r en p\u00e5litlig, erfaren och finansiellt stabil partner f\u00f6r kommuner.\r\n\r\nVi driver projekt med beslutsamhet och investerar i samarbete inte bara med kommunala tj\u00e4nstem\u00e4n utan ocks\u00e5 med lokala inv\u00e5nare, f\u00f6reningar och f\u00f6retag. weiss   4172 0 fiftififti links    0 kein_schmuck 0 kein_schmuck 0     0 kein_schmuck 0     0 kein_schmuck 0     0 kein_schmuck 0     0 kein_schmuck 0 0 ","protected":false},"author":14,"featured_media":6841,"parent":0,"menu_order":0,"comment_status":"closed","ping_status":"closed","template":"template-flexible-contents.php","meta":{"_acf_changed":false,"footnotes":""},"class_list":["post-4064","page","type-page","status-publish","has-post-thumbnail","hentry"],"acf":[],"yoast_head":"<!-- This site is optimized with the Yoast SEO plugin v27.0 - https:\/\/yoast.com\/product\/yoast-seo-wordpress\/ -->\n<title>Vad vi g\u00f6r<\/title>\n<meta name=\"description\" content=\"Vi p\u00e5 wpd Finland utformar och bygger projekt f\u00f6r f\u00f6rnybar energi som \u00e4r b\u00e4st anpassade till finska f\u00f6rh\u00e5llanden.\" \/>\n<meta name=\"robots\" content=\"index, follow, max-snippet:-1, max-image-preview:large, max-video-preview:-1\" \/>\n<link rel=\"canonical\" href=\"https:\/\/www.wpd.fi\/svenska\/vad-vi-gor\/\" \/>\n<meta property=\"og:locale\" content=\"en_US\" \/>\n<meta property=\"og:type\" content=\"article\" \/>\n<meta property=\"og:title\" content=\"Vad vi g\u00f6r\" \/>\n<meta property=\"og:description\" content=\"Vi p\u00e5 wpd Finland utformar och bygger projekt f\u00f6r f\u00f6rnybar energi som \u00e4r b\u00e4st anpassade till finska f\u00f6rh\u00e5llanden.\" \/>\n<meta property=\"og:url\" content=\"https:\/\/www.wpd.fi\/svenska\/vad-vi-gor\/\" \/>\n<meta property=\"og:site_name\" content=\"wpd.fi Svenska\" \/>\n<meta property=\"article:modified_time\" content=\"2026-02-23T07:09:32+00:00\" \/>\n<meta property=\"og:image\" content=\"https:\/\/www.wpd.fi\/svenska\/wp-content\/uploads\/sites\/3\/2025\/01\/vlcsnap-2025-01-10-15h18m08s810-e1736517146403.png\" \/>\n\t<meta property=\"og:image:width\" content=\"2194\" \/>\n\t<meta property=\"og:image:height\" content=\"1090\" \/>\n\t<meta property=\"og:image:type\" content=\"image\/png\" \/>\n<meta name=\"twitter:card\" content=\"summary_large_image\" \/>\n<meta name=\"twitter:label1\" content=\"Est. reading time\" \/>\n\t<meta name=\"twitter:data1\" content=\"1 minute\" \/>\n<script type=\"application\/ld+json\" class=\"yoast-schema-graph\">{\"@context\":\"https:\/\/schema.org\",\"@graph\":[{\"@type\":\"WebPage\",\"@id\":\"https:\/\/www.wpd.fi\/svenska\/vad-vi-gor\/\",\"url\":\"https:\/\/www.wpd.fi\/svenska\/vad-vi-gor\/\",\"name\":\"Vad vi g\u00f6r\",\"isPartOf\":{\"@id\":\"https:\/\/www.wpd.fi\/svenska\/#website\"},\"primaryImageOfPage\":{\"@id\":\"https:\/\/www.wpd.fi\/svenska\/vad-vi-gor\/#primaryimage\"},\"image\":{\"@id\":\"https:\/\/www.wpd.fi\/svenska\/vad-vi-gor\/#primaryimage\"},\"thumbnailUrl\":\"https:\/\/www.wpd.fi\/svenska\/wp-content\/uploads\/sites\/3\/2025\/01\/vlcsnap-2025-01-10-15h18m08s810-e1736517146403.png\",\"datePublished\":\"2024-07-31T10:28:42+00:00\",\"dateModified\":\"2026-02-23T07:09:32+00:00\",\"description\":\"Vi p\u00e5 wpd Finland utformar och bygger projekt f\u00f6r f\u00f6rnybar energi som \u00e4r b\u00e4st anpassade till finska f\u00f6rh\u00e5llanden.\",\"breadcrumb\":{\"@id\":\"https:\/\/www.wpd.fi\/svenska\/vad-vi-gor\/#breadcrumb\"},\"inLanguage\":\"en-US\",\"potentialAction\":[{\"@type\":\"ReadAction\",\"target\":[\"https:\/\/www.wpd.fi\/svenska\/vad-vi-gor\/\"]}]},{\"@type\":\"ImageObject\",\"inLanguage\":\"en-US\",\"@id\":\"https:\/\/www.wpd.fi\/svenska\/vad-vi-gor\/#primaryimage\",\"url\":\"https:\/\/www.wpd.fi\/svenska\/wp-content\/uploads\/sites\/3\/2025\/01\/vlcsnap-2025-01-10-15h18m08s810-e1736517146403.png\",\"contentUrl\":\"https:\/\/www.wpd.fi\/svenska\/wp-content\/uploads\/sites\/3\/2025\/01\/vlcsnap-2025-01-10-15h18m08s810-e1736517146403.png\",\"width\":2194,\"height\":1090},{\"@type\":\"BreadcrumbList\",\"@id\":\"https:\/\/www.wpd.fi\/svenska\/vad-vi-gor\/#breadcrumb\",\"itemListElement\":[{\"@type\":\"ListItem\",\"position\":1,\"name\":\"Startseite\",\"item\":\"https:\/\/www.wpd.fi\/svenska\/\"},{\"@type\":\"ListItem\",\"position\":2,\"name\":\"Vad vi g\u00f6r\"}]},{\"@type\":\"WebSite\",\"@id\":\"https:\/\/www.wpd.fi\/svenska\/#website\",\"url\":\"https:\/\/www.wpd.fi\/svenska\/\",\"name\":\"wpd.fi Svenska\",\"description\":\"Utveckling, konstruktion och drift av projekt inom f\u00f6rnybar energi\",\"potentialAction\":[{\"@type\":\"SearchAction\",\"target\":{\"@type\":\"EntryPoint\",\"urlTemplate\":\"https:\/\/www.wpd.fi\/svenska\/?s={search_term_string}\"},\"query-input\":{\"@type\":\"PropertyValueSpecification\",\"valueRequired\":true,\"valueName\":\"search_term_string\"}}],\"inLanguage\":\"en-US\"}]}<\/script>\n<!-- \/ Yoast SEO plugin. -->","yoast_head_json":{"title":"Vad vi g\u00f6r","description":"Vi p\u00e5 wpd Finland utformar och bygger projekt f\u00f6r f\u00f6rnybar energi som \u00e4r b\u00e4st anpassade till finska f\u00f6rh\u00e5llanden.","robots":{"index":"index","follow":"follow","max-snippet":"max-snippet:-1","max-image-preview":"max-image-preview:large","max-video-preview":"max-video-preview:-1"},"canonical":"https:\/\/www.wpd.fi\/svenska\/vad-vi-gor\/","og_locale":"en_US","og_type":"article","og_title":"Vad vi g\u00f6r","og_description":"Vi p\u00e5 wpd Finland utformar och bygger projekt f\u00f6r f\u00f6rnybar energi som \u00e4r b\u00e4st anpassade till finska f\u00f6rh\u00e5llanden.","og_url":"https:\/\/www.wpd.fi\/svenska\/vad-vi-gor\/","og_site_name":"wpd.fi Svenska","article_modified_time":"2026-02-23T07:09:32+00:00","og_image":[{"width":2194,"height":1090,"url":"https:\/\/www.wpd.fi\/svenska\/wp-content\/uploads\/sites\/3\/2025\/01\/vlcsnap-2025-01-10-15h18m08s810-e1736517146403.png","type":"image\/png"}],"twitter_card":"summary_large_image","twitter_misc":{"Est. reading time":"1 minute"},"schema":{"@context":"https:\/\/schema.org","@graph":[{"@type":"WebPage","@id":"https:\/\/www.wpd.fi\/svenska\/vad-vi-gor\/","url":"https:\/\/www.wpd.fi\/svenska\/vad-vi-gor\/","name":"Vad vi g\u00f6r","isPartOf":{"@id":"https:\/\/www.wpd.fi\/svenska\/#website"},"primaryImageOfPage":{"@id":"https:\/\/www.wpd.fi\/svenska\/vad-vi-gor\/#primaryimage"},"image":{"@id":"https:\/\/www.wpd.fi\/svenska\/vad-vi-gor\/#primaryimage"},"thumbnailUrl":"https:\/\/www.wpd.fi\/svenska\/wp-content\/uploads\/sites\/3\/2025\/01\/vlcsnap-2025-01-10-15h18m08s810-e1736517146403.png","datePublished":"2024-07-31T10:28:42+00:00","dateModified":"2026-02-23T07:09:32+00:00","description":"Vi p\u00e5 wpd Finland utformar och bygger projekt f\u00f6r f\u00f6rnybar energi som \u00e4r b\u00e4st anpassade till finska f\u00f6rh\u00e5llanden.","breadcrumb":{"@id":"https:\/\/www.wpd.fi\/svenska\/vad-vi-gor\/#breadcrumb"},"inLanguage":"en-US","potentialAction":[{"@type":"ReadAction","target":["https:\/\/www.wpd.fi\/svenska\/vad-vi-gor\/"]}]},{"@type":"ImageObject","inLanguage":"en-US","@id":"https:\/\/www.wpd.fi\/svenska\/vad-vi-gor\/#primaryimage","url":"https:\/\/www.wpd.fi\/svenska\/wp-content\/uploads\/sites\/3\/2025\/01\/vlcsnap-2025-01-10-15h18m08s810-e1736517146403.png","contentUrl":"https:\/\/www.wpd.fi\/svenska\/wp-content\/uploads\/sites\/3\/2025\/01\/vlcsnap-2025-01-10-15h18m08s810-e1736517146403.png","width":2194,"height":1090},{"@type":"BreadcrumbList","@id":"https:\/\/www.wpd.fi\/svenska\/vad-vi-gor\/#breadcrumb","itemListElement":[{"@type":"ListItem","position":1,"name":"Startseite","item":"https:\/\/www.wpd.fi\/svenska\/"},{"@type":"ListItem","position":2,"name":"Vad vi g\u00f6r"}]},{"@type":"WebSite","@id":"https:\/\/www.wpd.fi\/svenska\/#website","url":"https:\/\/www.wpd.fi\/svenska\/","name":"wpd.fi Svenska","description":"Utveckling, konstruktion och drift av projekt inom f\u00f6rnybar energi","potentialAction":[{"@type":"SearchAction","target":{"@type":"EntryPoint","urlTemplate":"https:\/\/www.wpd.fi\/svenska\/?s={search_term_string}"},"query-input":{"@type":"PropertyValueSpecification","valueRequired":true,"valueName":"search_term_string"}}],"inLanguage":"en-US"}]}},"publishpress_future_action":{"enabled":false,"date":"2026-04-30 23:26:55","action":"change-status","newStatus":"draft","terms":[],"taxonomy":"","extraData":[]},"publishpress_future_workflow_manual_trigger":{"enabledWorkflows":[]},"_links":{"self":[{"href":"https:\/\/www.wpd.fi\/svenska\/wp-json\/wp\/v2\/pages\/4064","targetHints":{"allow":["GET"]}}],"collection":[{"href":"https:\/\/www.wpd.fi\/svenska\/wp-json\/wp\/v2\/pages"}],"about":[{"href":"https:\/\/www.wpd.fi\/svenska\/wp-json\/wp\/v2\/types\/page"}],"author":[{"embeddable":true,"href":"https:\/\/www.wpd.fi\/svenska\/wp-json\/wp\/v2\/users\/14"}],"replies":[{"embeddable":true,"href":"https:\/\/www.wpd.fi\/svenska\/wp-json\/wp\/v2\/comments?post=4064"}],"version-history":[{"count":268,"href":"https:\/\/www.wpd.fi\/svenska\/wp-json\/wp\/v2\/pages\/4064\/revisions"}],"predecessor-version":[{"id":8156,"href":"https:\/\/www.wpd.fi\/svenska\/wp-json\/wp\/v2\/pages\/4064\/revisions\/8156"}],"wp:featuredmedia":[{"embeddable":true,"href":"https:\/\/www.wpd.fi\/svenska\/wp-json\/wp\/v2\/media\/6841"}],"wp:attachment":[{"href":"https:\/\/www.wpd.fi\/svenska\/wp-json\/wp\/v2\/media?parent=4064"}],"curies":[{"name":"wp","href":"https:\/\/api.w.org\/{rel}","templated":true}]}}