{"id":410,"date":"2020-04-29T11:30:34","date_gmt":"2020-04-29T11:30:34","guid":{"rendered":"http:\/\/staging.wpd.fi\/?page_id=410"},"modified":"2025-01-13T12:13:26","modified_gmt":"2025-01-13T12:13:26","slug":"avoimet-tyopaikat","status":"publish","type":"page","link":"https:\/\/www.wpd.fi\/svenska\/avoimet-tyopaikat\/","title":{"rendered":"Avoimet ty\u00f6paikat"},"content":{"rendered":"<p>Haluaisitko k\u00e4\u00e4nt\u00e4\u00e4 ty\u00f6uraasi 1,5 \u00b0C kest\u00e4v\u00e4mp\u00e4\u00e4n suuntaan ja liitty\u00e4 ammattitaitoiseen porukkaamme? Kurkkaa alta avoimet ty\u00f6paikkamme ja l\u00e4het\u00e4 hakemus jo t\u00e4n\u00e4\u00e4n.<\/p>\n<p>Voit my\u00f6s j\u00e4tt\u00e4\u00e4 meille <a href=\"https:\/\/www.wpd.fi\/svenska\/meille-toihin\/#contactform\">avoimen hakemuksen.<\/a><\/p>\n","protected":false},"excerpt":{"rendered":"a:1:{i:0;s:0:&#8221;&#8221;;}  a:1:{i:0;s:3:&#8221;314&#8243;;}    0 0 0 ","protected":false},"author":1,"featured_media":1970,"parent":0,"menu_order":18,"comment_status":"closed","ping_status":"closed","template":"template-stellenanzeigen.php","meta":{"_acf_changed":false,"footnotes":""},"class_list":["post-410","page","type-page","status-publish","has-post-thumbnail","hentry"],"acf":[],"yoast_head":"<!-- This site is optimized with the Yoast SEO plugin v27.0 - https:\/\/yoast.com\/product\/yoast-seo-wordpress\/ -->\n<title>Avoimet ty\u00f6paikat<\/title>\n<meta name=\"description\" content=\"Haluaisitko k\u00e4\u00e4nt\u00e4\u00e4 ty\u00f6uraasi 1,5 \u00b0C kest\u00e4v\u00e4mp\u00e4\u00e4n suuntaan ja liitty\u00e4 ammattitaitoiseen porukkaamme? Kurkkaa alta avoimet ty\u00f6paikkamme ja l\u00e4het\u00e4 hakemus jo t\u00e4n\u00e4\u00e4n. Voit my\u00f6s j\u00e4tt\u00e4\u00e4 meille avoimen hakemuksen.\" \/>\n<meta name=\"robots\" content=\"index, follow, max-snippet:-1, max-image-preview:large, max-video-preview:-1\" \/>\n<link rel=\"canonical\" href=\"https:\/\/www.wpd.fi\/svenska\/avoimet-tyopaikat\/\" \/>\n<meta property=\"og:locale\" content=\"en_US\" \/>\n<meta property=\"og:type\" content=\"article\" \/>\n<meta property=\"og:title\" content=\"Avoimet ty\u00f6paikat\" \/>\n<meta property=\"og:description\" content=\"Haluaisitko k\u00e4\u00e4nt\u00e4\u00e4 ty\u00f6uraasi 1,5 \u00b0C kest\u00e4v\u00e4mp\u00e4\u00e4n suuntaan ja liitty\u00e4 ammattitaitoiseen porukkaamme? Kurkkaa alta avoimet ty\u00f6paikkamme ja l\u00e4het\u00e4 hakemus jo t\u00e4n\u00e4\u00e4n. Voit my\u00f6s j\u00e4tt\u00e4\u00e4 meille avoimen hakemuksen.\" \/>\n<meta property=\"og:url\" content=\"https:\/\/www.wpd.fi\/svenska\/avoimet-tyopaikat\/\" \/>\n<meta property=\"og:site_name\" content=\"wpd.fi Svenska\" \/>\n<meta property=\"article:modified_time\" content=\"2025-01-13T12:13:26+00:00\" \/>\n<meta property=\"og:image\" content=\"https:\/\/www.wpd.fi\/svenska\/wp-content\/uploads\/sites\/3\/2022\/09\/sertifikaatti_banneri.png\" \/>\n\t<meta property=\"og:image:width\" content=\"1228\" \/>\n\t<meta property=\"og:image:height\" content=\"600\" \/>\n\t<meta property=\"og:image:type\" content=\"image\/png\" \/>\n<meta name=\"twitter:card\" content=\"summary_large_image\" \/>\n<meta name=\"twitter:label1\" content=\"Est. reading time\" \/>\n\t<meta name=\"twitter:data1\" content=\"1 minute\" \/>\n<script type=\"application\/ld+json\" class=\"yoast-schema-graph\">{\"@context\":\"https:\/\/schema.org\",\"@graph\":[{\"@type\":\"WebPage\",\"@id\":\"https:\/\/www.wpd.fi\/svenska\/avoimet-tyopaikat\/\",\"url\":\"https:\/\/www.wpd.fi\/svenska\/avoimet-tyopaikat\/\",\"name\":\"Avoimet ty\u00f6paikat\",\"isPartOf\":{\"@id\":\"https:\/\/www.wpd.fi\/svenska\/#website\"},\"primaryImageOfPage\":{\"@id\":\"https:\/\/www.wpd.fi\/svenska\/avoimet-tyopaikat\/#primaryimage\"},\"image\":{\"@id\":\"https:\/\/www.wpd.fi\/svenska\/avoimet-tyopaikat\/#primaryimage\"},\"thumbnailUrl\":\"https:\/\/www.wpd.fi\/svenska\/wp-content\/uploads\/sites\/3\/2022\/09\/sertifikaatti_banneri.png\",\"datePublished\":\"2020-04-29T11:30:34+00:00\",\"dateModified\":\"2025-01-13T12:13:26+00:00\",\"breadcrumb\":{\"@id\":\"https:\/\/www.wpd.fi\/svenska\/avoimet-tyopaikat\/#breadcrumb\"},\"inLanguage\":\"en-US\",\"potentialAction\":[{\"@type\":\"ReadAction\",\"target\":[\"https:\/\/www.wpd.fi\/svenska\/avoimet-tyopaikat\/\"]}]},{\"@type\":\"ImageObject\",\"inLanguage\":\"en-US\",\"@id\":\"https:\/\/www.wpd.fi\/svenska\/avoimet-tyopaikat\/#primaryimage\",\"url\":\"https:\/\/www.wpd.fi\/svenska\/wp-content\/uploads\/sites\/3\/2022\/09\/sertifikaatti_banneri.png\",\"contentUrl\":\"https:\/\/www.wpd.fi\/svenska\/wp-content\/uploads\/sites\/3\/2022\/09\/sertifikaatti_banneri.png\",\"width\":1228,\"height\":600},{\"@type\":\"BreadcrumbList\",\"@id\":\"https:\/\/www.wpd.fi\/svenska\/avoimet-tyopaikat\/#breadcrumb\",\"itemListElement\":[{\"@type\":\"ListItem\",\"position\":1,\"name\":\"Startseite\",\"item\":\"https:\/\/www.wpd.fi\/svenska\/\"},{\"@type\":\"ListItem\",\"position\":2,\"name\":\"Avoimet ty\u00f6paikat\"}]},{\"@type\":\"WebSite\",\"@id\":\"https:\/\/www.wpd.fi\/svenska\/#website\",\"url\":\"https:\/\/www.wpd.fi\/svenska\/\",\"name\":\"wpd.fi Svenska\",\"description\":\"Utveckling, konstruktion och drift av projekt inom f\u00f6rnybar energi\",\"potentialAction\":[{\"@type\":\"SearchAction\",\"target\":{\"@type\":\"EntryPoint\",\"urlTemplate\":\"https:\/\/www.wpd.fi\/svenska\/?s={search_term_string}\"},\"query-input\":{\"@type\":\"PropertyValueSpecification\",\"valueRequired\":true,\"valueName\":\"search_term_string\"}}],\"inLanguage\":\"en-US\"}]}<\/script>\n<!-- \/ Yoast SEO plugin. -->","yoast_head_json":{"title":"Avoimet ty\u00f6paikat","description":"Haluaisitko k\u00e4\u00e4nt\u00e4\u00e4 ty\u00f6uraasi 1,5 \u00b0C kest\u00e4v\u00e4mp\u00e4\u00e4n suuntaan ja liitty\u00e4 ammattitaitoiseen porukkaamme? Kurkkaa alta avoimet ty\u00f6paikkamme ja l\u00e4het\u00e4 hakemus jo t\u00e4n\u00e4\u00e4n. Voit my\u00f6s j\u00e4tt\u00e4\u00e4 meille avoimen hakemuksen.","robots":{"index":"index","follow":"follow","max-snippet":"max-snippet:-1","max-image-preview":"max-image-preview:large","max-video-preview":"max-video-preview:-1"},"canonical":"https:\/\/www.wpd.fi\/svenska\/avoimet-tyopaikat\/","og_locale":"en_US","og_type":"article","og_title":"Avoimet ty\u00f6paikat","og_description":"Haluaisitko k\u00e4\u00e4nt\u00e4\u00e4 ty\u00f6uraasi 1,5 \u00b0C kest\u00e4v\u00e4mp\u00e4\u00e4n suuntaan ja liitty\u00e4 ammattitaitoiseen porukkaamme? Kurkkaa alta avoimet ty\u00f6paikkamme ja l\u00e4het\u00e4 hakemus jo t\u00e4n\u00e4\u00e4n. Voit my\u00f6s j\u00e4tt\u00e4\u00e4 meille avoimen hakemuksen.","og_url":"https:\/\/www.wpd.fi\/svenska\/avoimet-tyopaikat\/","og_site_name":"wpd.fi Svenska","article_modified_time":"2025-01-13T12:13:26+00:00","og_image":[{"width":1228,"height":600,"url":"https:\/\/www.wpd.fi\/svenska\/wp-content\/uploads\/sites\/3\/2022\/09\/sertifikaatti_banneri.png","type":"image\/png"}],"twitter_card":"summary_large_image","twitter_misc":{"Est. reading time":"1 minute"},"schema":{"@context":"https:\/\/schema.org","@graph":[{"@type":"WebPage","@id":"https:\/\/www.wpd.fi\/svenska\/avoimet-tyopaikat\/","url":"https:\/\/www.wpd.fi\/svenska\/avoimet-tyopaikat\/","name":"Avoimet ty\u00f6paikat","isPartOf":{"@id":"https:\/\/www.wpd.fi\/svenska\/#website"},"primaryImageOfPage":{"@id":"https:\/\/www.wpd.fi\/svenska\/avoimet-tyopaikat\/#primaryimage"},"image":{"@id":"https:\/\/www.wpd.fi\/svenska\/avoimet-tyopaikat\/#primaryimage"},"thumbnailUrl":"https:\/\/www.wpd.fi\/svenska\/wp-content\/uploads\/sites\/3\/2022\/09\/sertifikaatti_banneri.png","datePublished":"2020-04-29T11:30:34+00:00","dateModified":"2025-01-13T12:13:26+00:00","breadcrumb":{"@id":"https:\/\/www.wpd.fi\/svenska\/avoimet-tyopaikat\/#breadcrumb"},"inLanguage":"en-US","potentialAction":[{"@type":"ReadAction","target":["https:\/\/www.wpd.fi\/svenska\/avoimet-tyopaikat\/"]}]},{"@type":"ImageObject","inLanguage":"en-US","@id":"https:\/\/www.wpd.fi\/svenska\/avoimet-tyopaikat\/#primaryimage","url":"https:\/\/www.wpd.fi\/svenska\/wp-content\/uploads\/sites\/3\/2022\/09\/sertifikaatti_banneri.png","contentUrl":"https:\/\/www.wpd.fi\/svenska\/wp-content\/uploads\/sites\/3\/2022\/09\/sertifikaatti_banneri.png","width":1228,"height":600},{"@type":"BreadcrumbList","@id":"https:\/\/www.wpd.fi\/svenska\/avoimet-tyopaikat\/#breadcrumb","itemListElement":[{"@type":"ListItem","position":1,"name":"Startseite","item":"https:\/\/www.wpd.fi\/svenska\/"},{"@type":"ListItem","position":2,"name":"Avoimet ty\u00f6paikat"}]},{"@type":"WebSite","@id":"https:\/\/www.wpd.fi\/svenska\/#website","url":"https:\/\/www.wpd.fi\/svenska\/","name":"wpd.fi Svenska","description":"Utveckling, konstruktion och drift av projekt inom f\u00f6rnybar energi","potentialAction":[{"@type":"SearchAction","target":{"@type":"EntryPoint","urlTemplate":"https:\/\/www.wpd.fi\/svenska\/?s={search_term_string}"},"query-input":{"@type":"PropertyValueSpecification","valueRequired":true,"valueName":"search_term_string"}}],"inLanguage":"en-US"}]}},"publishpress_future_action":{"enabled":false,"date":"2026-05-01 00:49:05","action":"change-status","newStatus":"draft","terms":[],"taxonomy":"","extraData":[]},"publishpress_future_workflow_manual_trigger":{"enabledWorkflows":[]},"_links":{"self":[{"href":"https:\/\/www.wpd.fi\/svenska\/wp-json\/wp\/v2\/pages\/410","targetHints":{"allow":["GET"]}}],"collection":[{"href":"https:\/\/www.wpd.fi\/svenska\/wp-json\/wp\/v2\/pages"}],"about":[{"href":"https:\/\/www.wpd.fi\/svenska\/wp-json\/wp\/v2\/types\/page"}],"author":[{"embeddable":true,"href":"https:\/\/www.wpd.fi\/svenska\/wp-json\/wp\/v2\/users\/1"}],"replies":[{"embeddable":true,"href":"https:\/\/www.wpd.fi\/svenska\/wp-json\/wp\/v2\/comments?post=410"}],"version-history":[{"count":42,"href":"https:\/\/www.wpd.fi\/svenska\/wp-json\/wp\/v2\/pages\/410\/revisions"}],"predecessor-version":[{"id":6943,"href":"https:\/\/www.wpd.fi\/svenska\/wp-json\/wp\/v2\/pages\/410\/revisions\/6943"}],"wp:featuredmedia":[{"embeddable":true,"href":"https:\/\/www.wpd.fi\/svenska\/wp-json\/wp\/v2\/media\/1970"}],"wp:attachment":[{"href":"https:\/\/www.wpd.fi\/svenska\/wp-json\/wp\/v2\/media?parent=410"}],"curies":[{"name":"wp","href":"https:\/\/api.w.org\/{rel}","templated":true}]}}