{"id":4634,"date":"2025-01-20T09:01:44","date_gmt":"2025-01-20T09:01:44","guid":{"rendered":"https:\/\/www.wpd.fi\/svenska\/?page_id=4634"},"modified":"2026-01-22T11:30:16","modified_gmt":"2026-01-22T11:30:16","slug":"uppdrag-och-mal","status":"publish","type":"page","link":"https:\/\/www.wpd.fi\/svenska\/uppdrag-och-mal\/","title":{"rendered":"Uppdrag och m\u00e5l"},"content":{"rendered":"","protected":false},"excerpt":{"rendered":"Verksamhetsprincip Wpd:s hela v\u00e4rdesystem bygger p\u00e5 m\u00e4nsklig interaktion, \u00e4rlig och \u00f6ppen diskussion, innovativt l\u00f6sningsorienterat t\u00e4nkande och noggrannhet. Hos wpd Finland \u00e5terspeglas dessa principer inte bara i v\u00e5r mission, vision och v\u00e5ra v\u00e4rderingar, utan ocks\u00e5 i v\u00e5r dagliga verksamhet.\r\n<table style=\"height: 10px;width: 100.521%;border-collapse: collapse;border-color: #cfd831;border-style: solid\" border=\"4\" cellspacing=\"2\" cellpadding=\"25\">\r\n<tbody>\r\n<tr style=\"height: 136px\">\r\n<td style=\"width: 100%;height: 10px\"><strong>V\u00e5r verksamhetsprincip <\/strong>\u00e4r att bygga f\u00f6rnybara energil\u00f6sningar i Finland som skapar en h\u00e5llbar framtid f\u00f6r milj\u00f6n och m\u00e4nniskorna.\r\n\r\n<strong>V\u00e5r vision <\/strong>\u00e4r att f\u00f6r\u00e4ndra v\u00e4rlden i en mer h\u00e5llbar riktning med 1,5 \u00b0C.\r\n\r\n<strong>De v\u00e4rderingar <\/strong>som styr v\u00e5rt agerande \u00e4r o<em>mt\u00e4nksamma m\u00f6ten<\/em>, <em>milj\u00f6f\u00f6rh\u00e5llanden<\/em>, <em>noggrant arbete<\/em> och <em>att hj\u00e4lpa varandr<\/em>a.<\/td>\r\n<\/tr>\r\n<\/tbody>\r\n<\/table>\r\n&nbsp;\r\n\r\nV\u00e5rt arbete f\u00f6rverkligas dessa principer genom noggranna f\u00f6rberedelser av projekt och h\u00f6gkvalitativt genomf\u00f6rande, interaktiv och omfattande kommunikation d\u00e4r vi lyssnar p\u00e5 v\u00e5ra kunder, samt aktivt samarbete med alla v\u00e5ra partners weiss    a:4:{i:0;s:11:&#8221;text-normal&#8221;;i:1;s:11:&#8221;text-normal&#8221;;i:2;s:11:&#8221;text-normal&#8221;;i:3;s:16:&#8221;aktuelles_slider&#8221;;}   a:1:{i:0;s:3:&#8221;228&#8243;;}  0 a:1:{i:0;s:0:&#8221;&#8221;;} 0 fiftififti rechts V\u00e5ra strategiska m\u00e5l: <hr \/>\r\n\r\n<h3 style=\"padding-left: 40px\"><img loading=\"lazy\" decoding=\"async\" class=\"alignnone wp-image-7210\" src=\"https:\/\/www.wpd.fi\/svenska\/wp-content\/uploads\/sites\/3\/2025\/01\/nro1.png\" alt=\"\" width=\"41\" height=\"41\" srcset=\"https:\/\/www.wpd.fi\/svenska\/wp-content\/uploads\/sites\/3\/2025\/01\/nro1.png 200w, https:\/\/www.wpd.fi\/svenska\/wp-content\/uploads\/sites\/3\/2025\/01\/nro1-138x138.png 138w\" sizes=\"auto, (max-width: 41px) 100vw, 41px\" \/> Vi fokuserar p\u00e5 landbaserad vindkraft, solkraft och batterier, samt hybrider av dessa.<\/h3>\r\n\r\n<hr \/>\r\n\r\n<h3 style=\"padding-left: 40px\"><img loading=\"lazy\" decoding=\"async\" class=\"alignnone wp-image-7213\" style=\"font-size: 16px\" src=\"https:\/\/www.wpd.fi\/svenska\/wp-content\/uploads\/sites\/3\/2025\/01\/nro2.png\" alt=\"\" width=\"41\" height=\"41\" srcset=\"https:\/\/www.wpd.fi\/svenska\/wp-content\/uploads\/sites\/3\/2025\/01\/nro2.png 200w, https:\/\/www.wpd.fi\/svenska\/wp-content\/uploads\/sites\/3\/2025\/01\/nro2-138x138.png 138w\" sizes=\"auto, (max-width: 41px) 100vw, 41px\" \/> Vi \u00f6vervakar verksamhetsmilj\u00f6n och reagerar aktivt p\u00e5 utvecklingen.<\/h3>\r\n\r\n<hr \/>\r\n\r\n<h3 style=\"padding-left: 40px\"><img loading=\"lazy\" decoding=\"async\" class=\"alignnone wp-image-7212\" style=\"font-size: 16px\" src=\"https:\/\/www.wpd.fi\/svenska\/wp-content\/uploads\/sites\/3\/2025\/01\/nro3.png\" alt=\"\" width=\"41\" height=\"41\" srcset=\"https:\/\/www.wpd.fi\/svenska\/wp-content\/uploads\/sites\/3\/2025\/01\/nro3.png 200w, https:\/\/www.wpd.fi\/svenska\/wp-content\/uploads\/sites\/3\/2025\/01\/nro3-138x138.png 138w\" sizes=\"auto, (max-width: 41px) 100vw, 41px\" \/> Vi \u00e4r ett av de tre mest k\u00e4nda varum\u00e4rkena inom f\u00f6rnybar energi.<\/h3>\r\n\r\n<hr \/>\r\n\r\n<h3 style=\"padding-left: 40px\"><img loading=\"lazy\" decoding=\"async\" class=\"alignnone wp-image-7211\" src=\"https:\/\/www.wpd.fi\/svenska\/wp-content\/uploads\/sites\/3\/2025\/01\/nro4.png\" alt=\"\" width=\"41\" height=\"41\" srcset=\"https:\/\/www.wpd.fi\/svenska\/wp-content\/uploads\/sites\/3\/2025\/01\/nro4.png 200w, https:\/\/www.wpd.fi\/svenska\/wp-content\/uploads\/sites\/3\/2025\/01\/nro4-138x138.png 138w\" sizes=\"auto, (max-width: 41px) 100vw, 41px\" \/> Vi erbjuder den b\u00e4sta medarbetarupplevelsen.<\/h3>\r\n\r\n<hr \/> gr\u00fcn    0 fiftififti rechts    0 kein_schmuck 0     0 kein_schmuck 0 0  Vi tar ansvar \u00e4ven i sv\u00e5ra situationer  I projekt som p\u00e5g\u00e5r i flera \u00e5r g\u00e5r dock inte alltid allt som p\u00e5 r\u00e4ls. Det kan uppst\u00e5 \u2013 och brukar ocks\u00e5 g\u00f6ra det \u2013 vissa bakslag, till exempel ov\u00e4ntade fynd i naturunders\u00f6kningar, f\u00f6r\u00e4ndringar i den globala ekonomiska situationen eller meningsskiljaktigheter mellan partnerna. Ibland kan ett l\u00e4nge planerat projekt f\u00f6rsenas eller till och med \u00e4ventyras om problem ignoreras.\r\n\r\nDetta \u00e4r dock inte wpd Finlands tillv\u00e4gag\u00e5ngss\u00e4tt. Vi d\u00f6ljer inte sv\u00e5ra fr\u00e5gor, utan kommunicerar dem omedelbart. Vi vet att tydlig och \u00f6ppen kommunikation, s\u00e4rskilt i sv\u00e5ra situationer, alltid leder till den snabbaste och b\u00e4sta l\u00f6sningen. Kreativ probleml\u00f6sning \u00e4r wpd Finlands superkraft: vi tar ansvar i alla situationer.\r\n\r\n[insert_button link=\"https:\/\/www.wpd.fi\/svenska\/ansvar\/\" button_text=\"L\u00e4s mer om v\u00e5rt ansvar\"]   4639 0   fiftififti 0 rechts kein_schmuck grau 0 Aktuellt  weiss kein_schmuck ","protected":false},"author":20,"featured_media":7531,"parent":0,"menu_order":0,"comment_status":"closed","ping_status":"closed","template":"template-flexible-contents.php","meta":{"_acf_changed":false,"footnotes":""},"class_list":["post-4634","page","type-page","status-publish","has-post-thumbnail","hentry"],"acf":[],"yoast_head":"<!-- This site is optimized with the Yoast SEO plugin v27.0 - https:\/\/yoast.com\/product\/yoast-seo-wordpress\/ -->\n<title>Uppdrag och m\u00e5l<\/title>\n<meta name=\"description\" content=\"wpd Finlands verksamhetsprincip \u00e4r att bygga f\u00f6rnybara energil\u00f6sningar i Finland som skapar en h\u00e5llbar framtid f\u00f6r milj\u00f6n och m\u00e4nniskorna.\" \/>\n<meta name=\"robots\" content=\"index, follow, max-snippet:-1, max-image-preview:large, max-video-preview:-1\" \/>\n<link rel=\"canonical\" href=\"https:\/\/www.wpd.fi\/svenska\/uppdrag-och-mal\/\" \/>\n<meta property=\"og:locale\" content=\"en_US\" \/>\n<meta property=\"og:type\" content=\"article\" \/>\n<meta property=\"og:title\" content=\"Uppdrag och m\u00e5l\" \/>\n<meta property=\"og:description\" content=\"wpd Finlands verksamhetsprincip \u00e4r att bygga f\u00f6rnybara energil\u00f6sningar i Finland som skapar en h\u00e5llbar framtid f\u00f6r milj\u00f6n och m\u00e4nniskorna.\" \/>\n<meta property=\"og:url\" content=\"https:\/\/www.wpd.fi\/svenska\/uppdrag-och-mal\/\" \/>\n<meta property=\"og:site_name\" content=\"wpd.fi Svenska\" \/>\n<meta property=\"article:modified_time\" content=\"2026-01-22T11:30:16+00:00\" \/>\n<meta property=\"og:image\" content=\"https:\/\/www.wpd.fi\/svenska\/wp-content\/uploads\/sites\/3\/2025\/02\/wpdlaiset_rannalla-e1739869493868.png\" \/>\n\t<meta property=\"og:image:width\" content=\"2065\" \/>\n\t<meta property=\"og:image:height\" content=\"852\" \/>\n\t<meta property=\"og:image:type\" content=\"image\/png\" \/>\n<meta name=\"twitter:card\" content=\"summary_large_image\" \/>\n<meta name=\"twitter:label1\" content=\"Est. reading time\" \/>\n\t<meta name=\"twitter:data1\" content=\"1 minute\" \/>\n<script type=\"application\/ld+json\" class=\"yoast-schema-graph\">{\"@context\":\"https:\/\/schema.org\",\"@graph\":[{\"@type\":\"WebPage\",\"@id\":\"https:\/\/www.wpd.fi\/svenska\/uppdrag-och-mal\/\",\"url\":\"https:\/\/www.wpd.fi\/svenska\/uppdrag-och-mal\/\",\"name\":\"Uppdrag och m\u00e5l\",\"isPartOf\":{\"@id\":\"https:\/\/www.wpd.fi\/svenska\/#website\"},\"primaryImageOfPage\":{\"@id\":\"https:\/\/www.wpd.fi\/svenska\/uppdrag-och-mal\/#primaryimage\"},\"image\":{\"@id\":\"https:\/\/www.wpd.fi\/svenska\/uppdrag-och-mal\/#primaryimage\"},\"thumbnailUrl\":\"https:\/\/www.wpd.fi\/svenska\/wp-content\/uploads\/sites\/3\/2025\/02\/wpdlaiset_rannalla-e1739869493868.png\",\"datePublished\":\"2025-01-20T09:01:44+00:00\",\"dateModified\":\"2026-01-22T11:30:16+00:00\",\"description\":\"wpd Finlands verksamhetsprincip \u00e4r att bygga f\u00f6rnybara energil\u00f6sningar i Finland som skapar en h\u00e5llbar framtid f\u00f6r milj\u00f6n och m\u00e4nniskorna.\",\"breadcrumb\":{\"@id\":\"https:\/\/www.wpd.fi\/svenska\/uppdrag-och-mal\/#breadcrumb\"},\"inLanguage\":\"en-US\",\"potentialAction\":[{\"@type\":\"ReadAction\",\"target\":[\"https:\/\/www.wpd.fi\/svenska\/uppdrag-och-mal\/\"]}]},{\"@type\":\"ImageObject\",\"inLanguage\":\"en-US\",\"@id\":\"https:\/\/www.wpd.fi\/svenska\/uppdrag-och-mal\/#primaryimage\",\"url\":\"https:\/\/www.wpd.fi\/svenska\/wp-content\/uploads\/sites\/3\/2025\/02\/wpdlaiset_rannalla-e1739869493868.png\",\"contentUrl\":\"https:\/\/www.wpd.fi\/svenska\/wp-content\/uploads\/sites\/3\/2025\/02\/wpdlaiset_rannalla-e1739869493868.png\",\"width\":2065,\"height\":852},{\"@type\":\"BreadcrumbList\",\"@id\":\"https:\/\/www.wpd.fi\/svenska\/uppdrag-och-mal\/#breadcrumb\",\"itemListElement\":[{\"@type\":\"ListItem\",\"position\":1,\"name\":\"Startseite\",\"item\":\"https:\/\/www.wpd.fi\/svenska\/\"},{\"@type\":\"ListItem\",\"position\":2,\"name\":\"Uppdrag och m\u00e5l\"}]},{\"@type\":\"WebSite\",\"@id\":\"https:\/\/www.wpd.fi\/svenska\/#website\",\"url\":\"https:\/\/www.wpd.fi\/svenska\/\",\"name\":\"wpd.fi Svenska\",\"description\":\"Utveckling, konstruktion och drift av projekt inom f\u00f6rnybar energi\",\"potentialAction\":[{\"@type\":\"SearchAction\",\"target\":{\"@type\":\"EntryPoint\",\"urlTemplate\":\"https:\/\/www.wpd.fi\/svenska\/?s={search_term_string}\"},\"query-input\":{\"@type\":\"PropertyValueSpecification\",\"valueRequired\":true,\"valueName\":\"search_term_string\"}}],\"inLanguage\":\"en-US\"}]}<\/script>\n<!-- \/ Yoast SEO plugin. -->","yoast_head_json":{"title":"Uppdrag och m\u00e5l","description":"wpd Finlands verksamhetsprincip \u00e4r att bygga f\u00f6rnybara energil\u00f6sningar i Finland som skapar en h\u00e5llbar framtid f\u00f6r milj\u00f6n och m\u00e4nniskorna.","robots":{"index":"index","follow":"follow","max-snippet":"max-snippet:-1","max-image-preview":"max-image-preview:large","max-video-preview":"max-video-preview:-1"},"canonical":"https:\/\/www.wpd.fi\/svenska\/uppdrag-och-mal\/","og_locale":"en_US","og_type":"article","og_title":"Uppdrag och m\u00e5l","og_description":"wpd Finlands verksamhetsprincip \u00e4r att bygga f\u00f6rnybara energil\u00f6sningar i Finland som skapar en h\u00e5llbar framtid f\u00f6r milj\u00f6n och m\u00e4nniskorna.","og_url":"https:\/\/www.wpd.fi\/svenska\/uppdrag-och-mal\/","og_site_name":"wpd.fi Svenska","article_modified_time":"2026-01-22T11:30:16+00:00","og_image":[{"width":2065,"height":852,"url":"https:\/\/www.wpd.fi\/svenska\/wp-content\/uploads\/sites\/3\/2025\/02\/wpdlaiset_rannalla-e1739869493868.png","type":"image\/png"}],"twitter_card":"summary_large_image","twitter_misc":{"Est. reading time":"1 minute"},"schema":{"@context":"https:\/\/schema.org","@graph":[{"@type":"WebPage","@id":"https:\/\/www.wpd.fi\/svenska\/uppdrag-och-mal\/","url":"https:\/\/www.wpd.fi\/svenska\/uppdrag-och-mal\/","name":"Uppdrag och m\u00e5l","isPartOf":{"@id":"https:\/\/www.wpd.fi\/svenska\/#website"},"primaryImageOfPage":{"@id":"https:\/\/www.wpd.fi\/svenska\/uppdrag-och-mal\/#primaryimage"},"image":{"@id":"https:\/\/www.wpd.fi\/svenska\/uppdrag-och-mal\/#primaryimage"},"thumbnailUrl":"https:\/\/www.wpd.fi\/svenska\/wp-content\/uploads\/sites\/3\/2025\/02\/wpdlaiset_rannalla-e1739869493868.png","datePublished":"2025-01-20T09:01:44+00:00","dateModified":"2026-01-22T11:30:16+00:00","description":"wpd Finlands verksamhetsprincip \u00e4r att bygga f\u00f6rnybara energil\u00f6sningar i Finland som skapar en h\u00e5llbar framtid f\u00f6r milj\u00f6n och m\u00e4nniskorna.","breadcrumb":{"@id":"https:\/\/www.wpd.fi\/svenska\/uppdrag-och-mal\/#breadcrumb"},"inLanguage":"en-US","potentialAction":[{"@type":"ReadAction","target":["https:\/\/www.wpd.fi\/svenska\/uppdrag-och-mal\/"]}]},{"@type":"ImageObject","inLanguage":"en-US","@id":"https:\/\/www.wpd.fi\/svenska\/uppdrag-och-mal\/#primaryimage","url":"https:\/\/www.wpd.fi\/svenska\/wp-content\/uploads\/sites\/3\/2025\/02\/wpdlaiset_rannalla-e1739869493868.png","contentUrl":"https:\/\/www.wpd.fi\/svenska\/wp-content\/uploads\/sites\/3\/2025\/02\/wpdlaiset_rannalla-e1739869493868.png","width":2065,"height":852},{"@type":"BreadcrumbList","@id":"https:\/\/www.wpd.fi\/svenska\/uppdrag-och-mal\/#breadcrumb","itemListElement":[{"@type":"ListItem","position":1,"name":"Startseite","item":"https:\/\/www.wpd.fi\/svenska\/"},{"@type":"ListItem","position":2,"name":"Uppdrag och m\u00e5l"}]},{"@type":"WebSite","@id":"https:\/\/www.wpd.fi\/svenska\/#website","url":"https:\/\/www.wpd.fi\/svenska\/","name":"wpd.fi Svenska","description":"Utveckling, konstruktion och drift av projekt inom f\u00f6rnybar energi","potentialAction":[{"@type":"SearchAction","target":{"@type":"EntryPoint","urlTemplate":"https:\/\/www.wpd.fi\/svenska\/?s={search_term_string}"},"query-input":{"@type":"PropertyValueSpecification","valueRequired":true,"valueName":"search_term_string"}}],"inLanguage":"en-US"}]}},"publishpress_future_action":{"enabled":false,"date":"2026-04-30 23:27:16","action":"change-status","newStatus":"draft","terms":[],"taxonomy":"","extraData":[]},"publishpress_future_workflow_manual_trigger":{"enabledWorkflows":[]},"_links":{"self":[{"href":"https:\/\/www.wpd.fi\/svenska\/wp-json\/wp\/v2\/pages\/4634","targetHints":{"allow":["GET"]}}],"collection":[{"href":"https:\/\/www.wpd.fi\/svenska\/wp-json\/wp\/v2\/pages"}],"about":[{"href":"https:\/\/www.wpd.fi\/svenska\/wp-json\/wp\/v2\/types\/page"}],"author":[{"embeddable":true,"href":"https:\/\/www.wpd.fi\/svenska\/wp-json\/wp\/v2\/users\/20"}],"replies":[{"embeddable":true,"href":"https:\/\/www.wpd.fi\/svenska\/wp-json\/wp\/v2\/comments?post=4634"}],"version-history":[{"count":306,"href":"https:\/\/www.wpd.fi\/svenska\/wp-json\/wp\/v2\/pages\/4634\/revisions"}],"predecessor-version":[{"id":8220,"href":"https:\/\/www.wpd.fi\/svenska\/wp-json\/wp\/v2\/pages\/4634\/revisions\/8220"}],"wp:featuredmedia":[{"embeddable":true,"href":"https:\/\/www.wpd.fi\/svenska\/wp-json\/wp\/v2\/media\/7531"}],"wp:attachment":[{"href":"https:\/\/www.wpd.fi\/svenska\/wp-json\/wp\/v2\/media?parent=4634"}],"curies":[{"name":"wp","href":"https:\/\/api.w.org\/{rel}","templated":true}]}}