{"id":4684,"date":"2025-01-10T13:10:15","date_gmt":"2025-01-10T13:10:15","guid":{"rendered":"https:\/\/www.wpd.fi\/svenska\/?page_id=4684"},"modified":"2026-01-22T11:44:40","modified_gmt":"2026-01-22T11:44:40","slug":"kom-och-jobba-hos-oss","status":"publish","type":"page","link":"https:\/\/www.wpd.fi\/svenska\/kom-och-jobba-hos-oss\/","title":{"rendered":"Kom och jobba hos oss"},"content":{"rendered":"","protected":false},"excerpt":{"rendered":"wpd Finland som arbetsplats <h3>Vill du g\u00f6ra din karri\u00e4r 1,5 \u00b0C mer h\u00e5llbar?<\/h3>\r\nKom och f\u00f6r\u00e4ndra v\u00e4rlden med f\u00f6rnybar energi hos wpd Finland, som en del av ett team av skickliga m\u00e4nniskor som tv\u00e5 g\u00e5nger har certifierats som Great Place to Work (2022, 2024) och \u00e4ven rankats som en av de b\u00e4sta arbetsplatserna i Finland.\r\n\r\nHos oss kan du ta ett avg\u00f6rande steg i kampen mot klimatf\u00f6r\u00e4ndringarna och bli en viktig del av Finlands mest p\u00e5litliga vind- och solkraftsgemenskap!\r\n\r\n(Observera att tillr\u00e4ckliga kunskaper i finska och engelska ocks\u00e5 \u00e4r n\u00f6dv\u00e4ndiga f\u00f6r tj\u00e4nsten.)\r\n\r\n[insert_button link=\"https:\/\/www.wpd.fi\/svenska\/avoimet-tyopaikat\/\" button_text=\"Se v\u00e5ra lediga tj\u00e4nster\"] weiss     <h3>Flexibilitet utifr\u00e5n din livssituation<\/h3>\r\nAtt arbeta hos oss \u00e4r i regel roligt och avslappnat, men ibland kan det bli hektiskt och arbetet tar \u00f6verhanden. Vi f\u00f6rst\u00e5r detta och vill st\u00f6dja v\u00e5ra medarbetare i att h\u00e5lla sig friska \u2013 \u00e4ven under intensiva perioder. Vi arbetar dock huvudsakligen under kontorstid, vilket inneb\u00e4r att arbetsmejl inte kommer in p\u00e5 kv\u00e4llar och helger.\r\n\r\nIbland kan vissa offentliga evenemang och andra tillf\u00e4llen \u00e4ga rum p\u00e5 kv\u00e4llen, och i s\u00e5dana fall beh\u00f6ver vi v\u00e5ra medarbetares flexibilitet. I geng\u00e4ld erbjuder vi flexibla arbetstider n\u00e4r andra \u00e5taganden i livet kr\u00e4ver din n\u00e4rvaro.\r\n<table style=\"height: 436px;width: 100.852%;border-collapse: collapse;border-color: #e6e7e8;border-style: solid\" border=\"6\" cellpadding=\"20\">\r\n<tbody>\r\n<tr>\r\n<td style=\"width: 100%\">\r\n<h3><strong>V\u00e5rapersonalf\u00f6rm\u00e5ner<img loading=\"lazy\" decoding=\"async\" class=\" wp-image-5645 alignright\" src=\"https:\/\/www.wpd.fi\/svenska\/wp-content\/uploads\/sites\/3\/2024\/10\/20240910_160322-744x992.jpg\" alt=\"\" width=\"452\" height=\"603\" srcset=\"https:\/\/www.wpd.fi\/svenska\/wp-content\/uploads\/sites\/3\/2024\/10\/20240910_160322-744x992.jpg 744w, https:\/\/www.wpd.fi\/svenska\/wp-content\/uploads\/sites\/3\/2024\/10\/20240910_160322-1125x1500.jpg 1125w, https:\/\/www.wpd.fi\/svenska\/wp-content\/uploads\/sites\/3\/2024\/10\/20240910_160322-768x1024.jpg 768w, https:\/\/www.wpd.fi\/svenska\/wp-content\/uploads\/sites\/3\/2024\/10\/20240910_160322-1152x1536.jpg 1152w, https:\/\/www.wpd.fi\/svenska\/wp-content\/uploads\/sites\/3\/2024\/10\/20240910_160322-1536x2048.jpg 1536w, https:\/\/www.wpd.fi\/svenska\/wp-content\/uploads\/sites\/3\/2024\/10\/20240910_160322-1984x2645.jpg 1984w, https:\/\/www.wpd.fi\/svenska\/wp-content\/uploads\/sites\/3\/2024\/10\/20240910_160322-600x800.jpg 600w, https:\/\/www.wpd.fi\/svenska\/wp-content\/uploads\/sites\/3\/2024\/10\/20240910_160322-720x960.jpg 720w, https:\/\/www.wpd.fi\/svenska\/wp-content\/uploads\/sites\/3\/2024\/10\/20240910_160322-360x480.jpg 360w, https:\/\/www.wpd.fi\/svenska\/wp-content\/uploads\/sites\/3\/2024\/10\/20240910_160322-scaled.jpg 1920w\" sizes=\"auto, (max-width: 452px) 100vw, 452px\" \/><\/strong><\/h3>\r\nArbete ska inte bara handla om att slita. Vi vill fr\u00e4mja v\u00e5ra medarbetares v\u00e4lbefinnande genom ett brett utbud av f\u00f6rm\u00e5ner. Dessa f\u00f6rm\u00e5ner f\u00f6r medarbetarna inkluderar\r\n<ul>\r\n \t<li>lunch, h\u00e4lso- och kulturf\u00f6rm\u00e5ner,<\/li>\r\n \t<li>omfattande f\u00f6retagsh\u00e4lsov\u00e5rd,<\/li>\r\n \t<li>uppv\u00e4rmt parkeringsgarage i Espo och parkeringsplas i Uleob\u00e5rg samt<\/li>\r\n \t<li>regelbundna fritidsaktiviteter p\u00e5 b\u00e5da kontoren.<\/li>\r\n<\/ul>\r\nVarje \u00e5r anordnar vi ocks\u00e5 teamdagar och andra trevliga evenemang f\u00f6r v\u00e5ra medarbetare. I v\u00e5r \u00e5rskalender ing\u00e5r de legendariska wpd-dagarna, som \u00e4r gemensamma firanden f\u00f6r hela den internationella wpd-organisationen i Tyskland!\r\n\r\n<strong>Intresserad? Se v\u00e5ra l\u00e4diga tj\u00e4nster <a href=\"https:\/\/www.wpd.fi\/svenska\/avoimet-tyopaikat\/\">h\u00e4r<\/a> eller skicka in<\/strong><strong> <a href=\"#contactform\" target=\"_blank\" rel=\"noopener\">en \u00f6ppen ans\u00f6kan idag.<\/a><\/strong><\/td>\r\n<\/tr>\r\n<\/tbody>\r\n<\/table> weiss    0 fiftififti links a:5:{i:0;s:11:&#8221;text-normal&#8221;;i:1;s:11:&#8221;text-normal&#8221;;i:2;s:11:&#8221;text-normal&#8221;;i:3;s:11:&#8221;text-normal&#8221;;i:4;s:16:&#8221;aktuelles_slider&#8221;;}   a:1:{i:0;s:3:&#8221;228&#8243;;}  0 a:1:{i:0;s:0:&#8221;&#8221;;}    0 kein_schmuck 0    0 kein_schmuck 1 0  0  fiftififti rechts  wpd Suomi \u00e4r Great Place to Work  Great Place To Work-certifieringen\u2122 \u00e4r v\u00e4rldens mest erk\u00e4nda utm\u00e4rkelse f\u00f6r f\u00f6retag med n\u00f6jda medarbetare och en god arbetskultur.\r\n\r\n<img loading=\"lazy\" decoding=\"async\" class=\"alignnone wp-image-7679\" src=\"https:\/\/www.wpd.fi\/svenska\/wp-content\/uploads\/sites\/3\/2025\/04\/Nayttokuva-2025-04-04-150330.png\" alt=\"\" width=\"228\" height=\"229\" srcset=\"https:\/\/www.wpd.fi\/svenska\/wp-content\/uploads\/sites\/3\/2025\/04\/Nayttokuva-2025-04-04-150330.png 542w, https:\/\/www.wpd.fi\/svenska\/wp-content\/uploads\/sites\/3\/2025\/04\/Nayttokuva-2025-04-04-150330-138x138.png 138w, https:\/\/www.wpd.fi\/svenska\/wp-content\/uploads\/sites\/3\/2025\/04\/Nayttokuva-2025-04-04-150330-360x362.png 360w, https:\/\/www.wpd.fi\/svenska\/wp-content\/uploads\/sites\/3\/2025\/04\/Nayttokuva-2025-04-04-150330-276x276.png 276w\" sizes=\"auto, (max-width: 228px) 100vw, 228px\" \/>\r\n\r\nVisste du att vi 2025 utn\u00e4mndes till Finlands tredje b\u00e4sta arbetsplats (i kategorin sm\u00e5f\u00f6retag)? 2023 hamnade vi p\u00e5 11:e plats p\u00e5 samma lista, s\u00e5 vi har gjort en anm\u00e4rkningsv\u00e4rd kl\u00e4ttring! Wpd Finland har certifierats som en Great Place To Work-organisation tv\u00e5 \u00e5r i rad, 2022 och 2024. Certifieringen erh\u00e5lls p\u00e5 basis av en intern personalenk\u00e4t, som tydligt visar styrkor och utvecklingsomr\u00e5den i arbetsgemenskapen, vilket g\u00f6r det m\u00f6jligt att kontinuerligt f\u00f6rb\u00e4ttra arbetskulturen. I unders\u00f6kningen svarar personalen p\u00e5 dussintals p\u00e5st\u00e5enden om viktiga teman som gemenskap, samarbete, ledarskap, j\u00e4mlikhet och r\u00e4ttvisa.\r\n\r\nOrganisationens resultat m\u00e4ts med hj\u00e4lp av Trust Index \u00a9-enk\u00e4ten, som m\u00e4ter organisationens utg\u00e5ngspunkt och hj\u00e4lper till att identifiera befintliga styrkor och utvecklingsomr\u00e5den. Detta g\u00f6r det m\u00f6jligt f\u00f6r oss att utveckla r\u00e4tt saker baserat p\u00e5 data.\r\n\r\nWpd Finland fick 90\/100 i Trust Index-unders\u00f6kningen 2022 och 94\/100 2024, vilket gav oss en <strong>tredjeplats<\/strong> f\u00f6r f\u00f6rsta g\u00e5ngen.\r\n\r\nVi \u00e4r dock inte n\u00f6jda med detta, utan vill st\u00e4ndigt f\u00f6rb\u00e4ttras genom att utveckla en god arbetsmilj\u00f6 och aktivt kommunicera med v\u00e5r personal. Sm\u00e5 saker \u00e4r viktiga.\r\n\r\n<a href=\"https:\/\/www.wpd.fi\/svenska\/wpd-suomi-on-suomen-parhaiden-yritysten-listasijalla-3\/\">Du kan hitta mer information om v\u00e5r placering i Great Place to Work -rankningen i denna nyhetsartikel (p\u00e5 finska).<\/a>\r\n\r\n<img loading=\"lazy\" decoding=\"async\" class=\"alignnone size-medium wp-image-5890\" src=\"https:\/\/www.wpd.fi\/svenska\/wp-content\/uploads\/sites\/3\/2024\/11\/Amazing_Culture_FI-e1730814643814-992x695.png\" alt=\"\" width=\"992\" height=\"695\" srcset=\"https:\/\/www.wpd.fi\/svenska\/wp-content\/uploads\/sites\/3\/2024\/11\/Amazing_Culture_FI-e1730814643814-992x695.png 992w, https:\/\/www.wpd.fi\/svenska\/wp-content\/uploads\/sites\/3\/2024\/11\/Amazing_Culture_FI-e1730814643814-1500x1051.png 1500w, https:\/\/www.wpd.fi\/svenska\/wp-content\/uploads\/sites\/3\/2024\/11\/Amazing_Culture_FI-e1730814643814-768x538.png 768w, https:\/\/www.wpd.fi\/svenska\/wp-content\/uploads\/sites\/3\/2024\/11\/Amazing_Culture_FI-e1730814643814-1536x1076.png 1536w, https:\/\/www.wpd.fi\/svenska\/wp-content\/uploads\/sites\/3\/2024\/11\/Amazing_Culture_FI-e1730814643814-2048x1435.png 2048w, https:\/\/www.wpd.fi\/svenska\/wp-content\/uploads\/sites\/3\/2024\/11\/Amazing_Culture_FI-e1730814643814-1984x1390.png 1984w, https:\/\/www.wpd.fi\/svenska\/wp-content\/uploads\/sites\/3\/2024\/11\/Amazing_Culture_FI-e1730814643814-600x420.png 600w, https:\/\/www.wpd.fi\/svenska\/wp-content\/uploads\/sites\/3\/2024\/11\/Amazing_Culture_FI-e1730814643814-720x504.png 720w, https:\/\/www.wpd.fi\/svenska\/wp-content\/uploads\/sites\/3\/2024\/11\/Amazing_Culture_FI-e1730814643814-360x252.png 360w\" sizes=\"auto, (max-width: 992px) 100vw, 992px\" \/>    0   fiftififti 0 links kein_schmuck weiss 0  Fem sk\u00e4l att s\u00f6ka jobb hos oss  1. Du kommer att kunna arbeta f\u00f6r en mer h\u00e5llbar framtid p\u00e5 ett konkret s\u00e4tt \u2013 v\u00e5ra medarbetares motivation \u00e4r o\u00f6vertr\u00e4ffad.\r\n\r\n<hr \/>\r\n\r\n2. Vi har en ansvarsfull, \u00f6ppen och uppmuntrande arbetsgemenskap d\u00e4r alla st\u00f6ttar varandra. Vi m\u00e4ter och utvecklar kontinuerligt trivseln p\u00e5 arbetsplatsen.\r\n\r\n<hr \/>\r\n\r\n3. Vi kommunicerar \u00f6ppet och uppmuntrar alla att komma med id\u00e9er och nya f\u00f6rslag f\u00f6r att f\u00f6rb\u00e4ttra v\u00e5rt arbete. \u00c4ven vilda id\u00e9er \u00e4r v\u00e4lkomna! \ud83d\ude0a\r\n\r\n<hr \/>\r\n\r\n4. B\u00e5de v\u00e5ra kontor i Esbo och Ule\u00e5borg har moderna lokaler med bra l\u00e4ge och en trevlig arbetsmilj\u00f6. Arbetstiderna \u00e4r flexibla och du kan \u00e4ven arbeta p\u00e5 distans under en del av veckan.\r\n\r\n<hr \/>\r\n\r\n5. Vi erbjuder h\u00f6gklassiga personalf\u00f6rm\u00e5ner, utbildningsm\u00f6jligheter och trevliga rekreationsdagar under hela \u00e5ret.   5536  0 kein_schmuck hellblau 0 0  fiftififti links Aktuellt  ultra-hellblau kein_schmuck ","protected":false},"author":20,"featured_media":6872,"parent":0,"menu_order":0,"comment_status":"closed","ping_status":"closed","template":"template-flexible-contents.php","meta":{"_acf_changed":false,"footnotes":""},"class_list":["post-4684","page","type-page","status-publish","has-post-thumbnail","hentry"],"acf":[],"yoast_head":"<!-- This site is optimized with the Yoast SEO plugin v27.0 - https:\/\/yoast.com\/product\/yoast-seo-wordpress\/ -->\n<title>Kom och jobba hos oss<\/title>\n<meta name=\"description\" content=\"wpd Finland som arbetsplats. Vill du g\u00f6ra din karri\u00e4r 1,5 \u00b0C mer h\u00e5llbar? Kom och f\u00f6r\u00e4ndra v\u00e4rlden med f\u00f6rnybar energi hos wpd Finland.\" \/>\n<meta name=\"robots\" content=\"index, follow, max-snippet:-1, max-image-preview:large, max-video-preview:-1\" \/>\n<link rel=\"canonical\" href=\"https:\/\/www.wpd.fi\/svenska\/kom-och-jobba-hos-oss\/\" \/>\n<meta property=\"og:locale\" content=\"en_US\" \/>\n<meta property=\"og:type\" content=\"article\" \/>\n<meta property=\"og:title\" content=\"Kom och jobba hos oss\" \/>\n<meta property=\"og:description\" content=\"wpd Finland som arbetsplats. Vill du g\u00f6ra din karri\u00e4r 1,5 \u00b0C mer h\u00e5llbar? Kom och f\u00f6r\u00e4ndra v\u00e4rlden med f\u00f6rnybar energi hos wpd Finland.\" \/>\n<meta property=\"og:url\" content=\"https:\/\/www.wpd.fi\/svenska\/kom-och-jobba-hos-oss\/\" \/>\n<meta property=\"og:site_name\" content=\"wpd.fi Svenska\" \/>\n<meta property=\"article:modified_time\" content=\"2026-01-22T11:44:40+00:00\" \/>\n<meta property=\"og:image\" content=\"https:\/\/www.wpd.fi\/svenska\/wp-content\/uploads\/sites\/3\/2025\/01\/HR-sivu_Romeo_poistettu.png\" \/>\n\t<meta property=\"og:image:width\" content=\"992\" \/>\n\t<meta property=\"og:image:height\" content=\"298\" \/>\n\t<meta property=\"og:image:type\" content=\"image\/png\" \/>\n<meta name=\"twitter:card\" content=\"summary_large_image\" \/>\n<meta name=\"twitter:label1\" content=\"Est. reading time\" \/>\n\t<meta name=\"twitter:data1\" content=\"1 minute\" \/>\n<script type=\"application\/ld+json\" class=\"yoast-schema-graph\">{\"@context\":\"https:\/\/schema.org\",\"@graph\":[{\"@type\":\"WebPage\",\"@id\":\"https:\/\/www.wpd.fi\/svenska\/kom-och-jobba-hos-oss\/\",\"url\":\"https:\/\/www.wpd.fi\/svenska\/kom-och-jobba-hos-oss\/\",\"name\":\"Kom och jobba hos oss\",\"isPartOf\":{\"@id\":\"https:\/\/www.wpd.fi\/svenska\/#website\"},\"primaryImageOfPage\":{\"@id\":\"https:\/\/www.wpd.fi\/svenska\/kom-och-jobba-hos-oss\/#primaryimage\"},\"image\":{\"@id\":\"https:\/\/www.wpd.fi\/svenska\/kom-och-jobba-hos-oss\/#primaryimage\"},\"thumbnailUrl\":\"https:\/\/www.wpd.fi\/svenska\/wp-content\/uploads\/sites\/3\/2025\/01\/HR-sivu_Romeo_poistettu.png\",\"datePublished\":\"2025-01-10T13:10:15+00:00\",\"dateModified\":\"2026-01-22T11:44:40+00:00\",\"description\":\"wpd Finland som arbetsplats. Vill du g\u00f6ra din karri\u00e4r 1,5 \u00b0C mer h\u00e5llbar? Kom och f\u00f6r\u00e4ndra v\u00e4rlden med f\u00f6rnybar energi hos wpd Finland.\",\"breadcrumb\":{\"@id\":\"https:\/\/www.wpd.fi\/svenska\/kom-och-jobba-hos-oss\/#breadcrumb\"},\"inLanguage\":\"en-US\",\"potentialAction\":[{\"@type\":\"ReadAction\",\"target\":[\"https:\/\/www.wpd.fi\/svenska\/kom-och-jobba-hos-oss\/\"]}]},{\"@type\":\"ImageObject\",\"inLanguage\":\"en-US\",\"@id\":\"https:\/\/www.wpd.fi\/svenska\/kom-och-jobba-hos-oss\/#primaryimage\",\"url\":\"https:\/\/www.wpd.fi\/svenska\/wp-content\/uploads\/sites\/3\/2025\/01\/HR-sivu_Romeo_poistettu.png\",\"contentUrl\":\"https:\/\/www.wpd.fi\/svenska\/wp-content\/uploads\/sites\/3\/2025\/01\/HR-sivu_Romeo_poistettu.png\",\"width\":992,\"height\":298},{\"@type\":\"BreadcrumbList\",\"@id\":\"https:\/\/www.wpd.fi\/svenska\/kom-och-jobba-hos-oss\/#breadcrumb\",\"itemListElement\":[{\"@type\":\"ListItem\",\"position\":1,\"name\":\"Startseite\",\"item\":\"https:\/\/www.wpd.fi\/svenska\/\"},{\"@type\":\"ListItem\",\"position\":2,\"name\":\"Kom och jobba hos oss\"}]},{\"@type\":\"WebSite\",\"@id\":\"https:\/\/www.wpd.fi\/svenska\/#website\",\"url\":\"https:\/\/www.wpd.fi\/svenska\/\",\"name\":\"wpd.fi Svenska\",\"description\":\"Utveckling, konstruktion och drift av projekt inom f\u00f6rnybar energi\",\"potentialAction\":[{\"@type\":\"SearchAction\",\"target\":{\"@type\":\"EntryPoint\",\"urlTemplate\":\"https:\/\/www.wpd.fi\/svenska\/?s={search_term_string}\"},\"query-input\":{\"@type\":\"PropertyValueSpecification\",\"valueRequired\":true,\"valueName\":\"search_term_string\"}}],\"inLanguage\":\"en-US\"}]}<\/script>\n<!-- \/ Yoast SEO plugin. -->","yoast_head_json":{"title":"Kom och jobba hos oss","description":"wpd Finland som arbetsplats. Vill du g\u00f6ra din karri\u00e4r 1,5 \u00b0C mer h\u00e5llbar? Kom och f\u00f6r\u00e4ndra v\u00e4rlden med f\u00f6rnybar energi hos wpd Finland.","robots":{"index":"index","follow":"follow","max-snippet":"max-snippet:-1","max-image-preview":"max-image-preview:large","max-video-preview":"max-video-preview:-1"},"canonical":"https:\/\/www.wpd.fi\/svenska\/kom-och-jobba-hos-oss\/","og_locale":"en_US","og_type":"article","og_title":"Kom och jobba hos oss","og_description":"wpd Finland som arbetsplats. Vill du g\u00f6ra din karri\u00e4r 1,5 \u00b0C mer h\u00e5llbar? Kom och f\u00f6r\u00e4ndra v\u00e4rlden med f\u00f6rnybar energi hos wpd Finland.","og_url":"https:\/\/www.wpd.fi\/svenska\/kom-och-jobba-hos-oss\/","og_site_name":"wpd.fi Svenska","article_modified_time":"2026-01-22T11:44:40+00:00","og_image":[{"width":992,"height":298,"url":"https:\/\/www.wpd.fi\/svenska\/wp-content\/uploads\/sites\/3\/2025\/01\/HR-sivu_Romeo_poistettu.png","type":"image\/png"}],"twitter_card":"summary_large_image","twitter_misc":{"Est. reading time":"1 minute"},"schema":{"@context":"https:\/\/schema.org","@graph":[{"@type":"WebPage","@id":"https:\/\/www.wpd.fi\/svenska\/kom-och-jobba-hos-oss\/","url":"https:\/\/www.wpd.fi\/svenska\/kom-och-jobba-hos-oss\/","name":"Kom och jobba hos oss","isPartOf":{"@id":"https:\/\/www.wpd.fi\/svenska\/#website"},"primaryImageOfPage":{"@id":"https:\/\/www.wpd.fi\/svenska\/kom-och-jobba-hos-oss\/#primaryimage"},"image":{"@id":"https:\/\/www.wpd.fi\/svenska\/kom-och-jobba-hos-oss\/#primaryimage"},"thumbnailUrl":"https:\/\/www.wpd.fi\/svenska\/wp-content\/uploads\/sites\/3\/2025\/01\/HR-sivu_Romeo_poistettu.png","datePublished":"2025-01-10T13:10:15+00:00","dateModified":"2026-01-22T11:44:40+00:00","description":"wpd Finland som arbetsplats. Vill du g\u00f6ra din karri\u00e4r 1,5 \u00b0C mer h\u00e5llbar? Kom och f\u00f6r\u00e4ndra v\u00e4rlden med f\u00f6rnybar energi hos wpd Finland.","breadcrumb":{"@id":"https:\/\/www.wpd.fi\/svenska\/kom-och-jobba-hos-oss\/#breadcrumb"},"inLanguage":"en-US","potentialAction":[{"@type":"ReadAction","target":["https:\/\/www.wpd.fi\/svenska\/kom-och-jobba-hos-oss\/"]}]},{"@type":"ImageObject","inLanguage":"en-US","@id":"https:\/\/www.wpd.fi\/svenska\/kom-och-jobba-hos-oss\/#primaryimage","url":"https:\/\/www.wpd.fi\/svenska\/wp-content\/uploads\/sites\/3\/2025\/01\/HR-sivu_Romeo_poistettu.png","contentUrl":"https:\/\/www.wpd.fi\/svenska\/wp-content\/uploads\/sites\/3\/2025\/01\/HR-sivu_Romeo_poistettu.png","width":992,"height":298},{"@type":"BreadcrumbList","@id":"https:\/\/www.wpd.fi\/svenska\/kom-och-jobba-hos-oss\/#breadcrumb","itemListElement":[{"@type":"ListItem","position":1,"name":"Startseite","item":"https:\/\/www.wpd.fi\/svenska\/"},{"@type":"ListItem","position":2,"name":"Kom och jobba hos oss"}]},{"@type":"WebSite","@id":"https:\/\/www.wpd.fi\/svenska\/#website","url":"https:\/\/www.wpd.fi\/svenska\/","name":"wpd.fi Svenska","description":"Utveckling, konstruktion och drift av projekt inom f\u00f6rnybar energi","potentialAction":[{"@type":"SearchAction","target":{"@type":"EntryPoint","urlTemplate":"https:\/\/www.wpd.fi\/svenska\/?s={search_term_string}"},"query-input":{"@type":"PropertyValueSpecification","valueRequired":true,"valueName":"search_term_string"}}],"inLanguage":"en-US"}]}},"publishpress_future_action":{"enabled":false,"date":"2026-04-30 23:27:37","action":"change-status","newStatus":"draft","terms":[],"taxonomy":"","extraData":[]},"publishpress_future_workflow_manual_trigger":{"enabledWorkflows":[]},"_links":{"self":[{"href":"https:\/\/www.wpd.fi\/svenska\/wp-json\/wp\/v2\/pages\/4684","targetHints":{"allow":["GET"]}}],"collection":[{"href":"https:\/\/www.wpd.fi\/svenska\/wp-json\/wp\/v2\/pages"}],"about":[{"href":"https:\/\/www.wpd.fi\/svenska\/wp-json\/wp\/v2\/types\/page"}],"author":[{"embeddable":true,"href":"https:\/\/www.wpd.fi\/svenska\/wp-json\/wp\/v2\/users\/20"}],"replies":[{"embeddable":true,"href":"https:\/\/www.wpd.fi\/svenska\/wp-json\/wp\/v2\/comments?post=4684"}],"version-history":[{"count":400,"href":"https:\/\/www.wpd.fi\/svenska\/wp-json\/wp\/v2\/pages\/4684\/revisions"}],"predecessor-version":[{"id":8221,"href":"https:\/\/www.wpd.fi\/svenska\/wp-json\/wp\/v2\/pages\/4684\/revisions\/8221"}],"wp:featuredmedia":[{"embeddable":true,"href":"https:\/\/www.wpd.fi\/svenska\/wp-json\/wp\/v2\/media\/6872"}],"wp:attachment":[{"href":"https:\/\/www.wpd.fi\/svenska\/wp-json\/wp\/v2\/media?parent=4684"}],"curies":[{"name":"wp","href":"https:\/\/api.w.org\/{rel}","templated":true}]}}