{"id":4788,"date":"2024-10-22T14:45:33","date_gmt":"2024-10-22T14:45:33","guid":{"rendered":"https:\/\/www.wpd.fi\/svenska\/?page_id=4788"},"modified":"2026-02-23T06:38:00","modified_gmt":"2026-02-23T06:38:00","slug":"elkopsavtal","status":"publish","type":"page","link":"https:\/\/www.wpd.fi\/svenska\/elkopsavtal\/","title":{"rendered":"F\u00f6r PPA-kunder"},"content":{"rendered":"","protected":false},"excerpt":{"rendered":"Ren el f\u00f6r ansvarsfulla elanv\u00e4ndare Ett l\u00e5ngsiktigt elk\u00f6psavtal, eller PPA, \u00e4r ett utm\u00e4rkt s\u00e4tt att uppn\u00e5 f\u00f6ruts\u00e4gbarhet och stabilitet i elkostnaderna, eftersom det ger s\u00e4kerhet om priset p\u00e5 den ink\u00f6pta elen. Ur k\u00f6parens perspektiv skapar ett l\u00e5ngsiktigt avtal ocks\u00e5 f\u00f6ruts\u00e4gbarhet i kostnaderna och s\u00e4kerhet i tillg\u00e5ngen p\u00e5 el som produceras p\u00e5 \u00f6nskat s\u00e4tt. Anv\u00e4ndningen av h\u00e5llbart producerad el \u00e4r ocks\u00e5 ett utm\u00e4rkt f\u00f6rs\u00e4ljningsargument f\u00f6r f\u00f6retaget.\r\n\r\nWpd:s historia b\u00f6rjade i Finland 2007, och vi engagerade oss i Finlands utsl\u00e4ppsm\u00e5l redan fr\u00e5n b\u00f6rjan genom att utveckla v\u00e5r egen vind- och solkraftskapacitet. Den el vi producerar \u00e4r helt koldioxidfri och h\u00e5llbart genererad, och vi s\u00f6ker andra f\u00f6retag som vill samarbeta med oss i kampen mot klimatf\u00f6r\u00e4ndringarna genom att erbjuda v\u00e5ra kunder PPA-avtal. Vanligtvis ing\u00e5r en stor elf\u00f6rbrukare (t.ex. ett stort f\u00f6retag) eller en grupp mindre elf\u00f6rbrukare ett avtal om att k\u00f6pa en viss m\u00e4ngd el fr\u00e5n wpd Finland till ett pris som anges i ett separat avtal f\u00f6r en period p\u00e5 exempelvis 10\u201320 \u00e5r. Ett avtal med wpd ger stabilitet f\u00f6r f\u00f6retaget som k\u00f6per el under \u00e5rtionden fram\u00f6ver. weiss    a:4:{i:0;s:11:&#8221;text-normal&#8221;;i:1;s:11:&#8221;text-normal&#8221;;i:2;s:11:&#8221;text-normal&#8221;;i:3;s:16:&#8221;aktuelles_slider&#8221;;}   a:2:{i:0;s:3:&#8221;228&#8243;;i:1;s:4:&#8221;1146&#8243;;}  0 a:1:{i:0;s:0:&#8221;&#8221;;} Varf\u00f6r undertecknade jag ett avtal med wpd? Vi \u00e4r en av f\u00e5 vindkraftsutvecklare som utvecklar och bygger projekt som vi sj\u00e4lva \u00e4ger. D\u00e4rf\u00f6r \u00e4r kvalitet av st\u00f6rsta vikt f\u00f6r oss.\r\n\r\nVi ser till att v\u00e5ra projekt utvecklas och byggs med s\u00e4rskild h\u00e4nsyn till milj\u00f6n. Komponenterna i v\u00e5ra vind- och solkraftsparker \u00e4r inte alltid de billigaste, men de \u00e4r mer milj\u00f6m\u00e4ssigt h\u00e5llbara. Vi str\u00e4var efter att hitta fr\u00e4mst inhemska eller p\u00e5 annat s\u00e4tt ansvarsfulla l\u00f6sningar: till exempel har vi i v\u00e5ra projekt anv\u00e4nt vakuumisolering ist\u00e4llet f\u00f6r SF6-gas, bioolja som olja f\u00f6r v\u00e5ra huvudtransformatorer och vi har best\u00e4llt v\u00e5ra luftledningsstolpar fr\u00e5n en inhemsk leverant\u00f6r ist\u00e4llet f\u00f6r en vanligt f\u00f6rekommande kinesisk leverant\u00f6r.\r\n\r\nV\u00e5r verksamhetsfilosofi och modell baseras p\u00e5 en h\u00f6gkvalitativ slutprodukt, vilket inte n\u00f6dv\u00e4ndigtvis inneb\u00e4r att v\u00e5ra produkter \u00e4r de billigaste p\u00e5 marknaden. Vi str\u00e4var efter excellens b\u00e5de n\u00e4r det g\u00e4ller kvalitet och milj\u00f6prestanda i v\u00e5rt utvecklings- och byggnadsarbete. V\u00e5ra kunder kan ocks\u00e5 dra nytta av dessa v\u00e4rden i sin marknadsf\u00f6ring och kommunikation. hellblau   4824 0 fiftififti links Tre sk\u00e4l att teckna ett PPA-avtal med wpd Finland <strong><img loading=\"lazy\" decoding=\"async\" class=\"alignleft wp-image-3820\" src=\"https:\/\/www.wpd.fi\/svenska\/wp-content\/uploads\/sites\/3\/2024\/07\/puhekuplat.png\" alt=\"\" width=\"80\" height=\"82\" \/><\/strong>\r\n\r\n<strong>Vi fokuserar p\u00e5 dialog.<\/strong> N\u00e4r du ing\u00e5r ett l\u00e5ngsiktigt avtal med oss i form av ett PPA-avtal, f\u00f6rst\u00e5r vi att v\u00e4rlden kommer att f\u00f6r\u00e4ndras under avtalets giltighetstid. PPA-aff\u00e4rsmodeller utvecklas ocks\u00e5 \u00f6ver tid, och vi har ing\u00e5tt ett antal olika PPA-avtal. Vi vill f\u00f6rbli \u00f6ppna f\u00f6r olika avtalsmodeller och diskuterar g\u00e4rna dina \u00f6nskem\u00e5l och id\u00e9er.\r\n\r\n<hr \/>\r\n\r\n<strong><img loading=\"lazy\" decoding=\"async\" class=\"wp-image-3803 alignleft\" src=\"https:\/\/www.wpd.fi\/svenska\/wp-content\/uploads\/sites\/3\/2024\/07\/arvokohde.png\" alt=\"\" width=\"80\" height=\"78\" \/><\/strong>\r\n\r\n<strong>Milj\u00f6v\u00e4nliga produkter \u00e4r ett sj\u00e4lvklart val f\u00f6r oss.<\/strong> Vi ser till att v\u00e5ra komponenter f\u00f6r gr\u00f6n energi alltid \u00e4r h\u00e5llbart producerade och vi prioriterar framf\u00f6r allt inhemska produkter. Vi v\u00e4ljer inte den enkla v\u00e4gen n\u00e4r vi v\u00e4ljer komponenter.\r\n\r\n<hr \/>\r\n\r\n<strong><img loading=\"lazy\" decoding=\"async\" class=\"alignleft wp-image-3814\" src=\"https:\/\/www.wpd.fi\/svenska\/wp-content\/uploads\/sites\/3\/2024\/07\/kattapaalle.png\" alt=\"\" width=\"80\" height=\"78\" \/><\/strong>\r\n\r\n<strong>Kvalitet \u00e4r v\u00e4rt att betala f\u00f6r.<\/strong> Vi erk\u00e4nner g\u00e4rna att vi kanske inte \u00e4r den billigaste PPA-partnern. Men v\u00e5rt m\u00e5l \u00e4r att vara den b\u00e4sta. Vi s\u00e4tter h\u00f6ga krav p\u00e5 oss sj\u00e4lva och v\u00e5ra tj\u00e4nsteleverant\u00f6rer, och vi utv\u00e4rderar regelbundet om v\u00e5ra krav uppfylls. weiss       0 kein_schmuck 0     0 kein_schmuck 0    0 kein_schmuck 0 0 Aktuellt 4 weiss kein_schmuck ","protected":false},"author":20,"featured_media":6662,"parent":0,"menu_order":0,"comment_status":"closed","ping_status":"closed","template":"template-flexible-contents.php","meta":{"_acf_changed":false,"footnotes":""},"class_list":["post-4788","page","type-page","status-publish","has-post-thumbnail","hentry"],"acf":[],"yoast_head":"<!-- This site is optimized with the Yoast SEO plugin v27.0 - https:\/\/yoast.com\/product\/yoast-seo-wordpress\/ -->\n<title>F\u00f6r PPA-kunder<\/title>\n<meta name=\"description\" content=\"Ett l\u00e5ngsiktigt elk\u00f6psavtal, eller PPA, \u00e4r ett utm\u00e4rkt s\u00e4tt att uppn\u00e5 f\u00f6ruts\u00e4gbarhet och stabilitet i elkostnaderna.\" \/>\n<meta name=\"robots\" content=\"index, follow, max-snippet:-1, max-image-preview:large, max-video-preview:-1\" \/>\n<link rel=\"canonical\" href=\"https:\/\/www.wpd.fi\/svenska\/elkopsavtal\/\" \/>\n<meta property=\"og:locale\" content=\"en_US\" \/>\n<meta property=\"og:type\" content=\"article\" \/>\n<meta property=\"og:title\" content=\"F\u00f6r PPA-kunder\" \/>\n<meta property=\"og:description\" content=\"Ett l\u00e5ngsiktigt elk\u00f6psavtal, eller PPA, \u00e4r ett utm\u00e4rkt s\u00e4tt att uppn\u00e5 f\u00f6ruts\u00e4gbarhet och stabilitet i elkostnaderna.\" \/>\n<meta property=\"og:url\" content=\"https:\/\/www.wpd.fi\/svenska\/elkopsavtal\/\" \/>\n<meta property=\"og:site_name\" content=\"wpd.fi Svenska\" \/>\n<meta property=\"article:modified_time\" content=\"2026-02-23T06:38:00+00:00\" \/>\n<meta property=\"og:image\" content=\"https:\/\/www.wpd.fi\/svenska\/wp-content\/uploads\/sites\/3\/2025\/01\/shutterstock_1127528123-scaled-e1736426649678.jpg\" \/>\n\t<meta property=\"og:image:width\" content=\"2560\" \/>\n\t<meta property=\"og:image:height\" content=\"1028\" \/>\n\t<meta property=\"og:image:type\" content=\"image\/jpeg\" \/>\n<meta name=\"twitter:card\" content=\"summary_large_image\" \/>\n<meta name=\"twitter:label1\" content=\"Est. reading time\" \/>\n\t<meta name=\"twitter:data1\" content=\"1 minute\" \/>\n<script type=\"application\/ld+json\" class=\"yoast-schema-graph\">{\"@context\":\"https:\/\/schema.org\",\"@graph\":[{\"@type\":\"WebPage\",\"@id\":\"https:\/\/www.wpd.fi\/svenska\/elkopsavtal\/\",\"url\":\"https:\/\/www.wpd.fi\/svenska\/elkopsavtal\/\",\"name\":\"F\u00f6r PPA-kunder\",\"isPartOf\":{\"@id\":\"https:\/\/www.wpd.fi\/svenska\/#website\"},\"primaryImageOfPage\":{\"@id\":\"https:\/\/www.wpd.fi\/svenska\/elkopsavtal\/#primaryimage\"},\"image\":{\"@id\":\"https:\/\/www.wpd.fi\/svenska\/elkopsavtal\/#primaryimage\"},\"thumbnailUrl\":\"https:\/\/www.wpd.fi\/svenska\/wp-content\/uploads\/sites\/3\/2025\/01\/shutterstock_1127528123-scaled-e1736426649678.jpg\",\"datePublished\":\"2024-10-22T14:45:33+00:00\",\"dateModified\":\"2026-02-23T06:38:00+00:00\",\"description\":\"Ett l\u00e5ngsiktigt elk\u00f6psavtal, eller PPA, \u00e4r ett utm\u00e4rkt s\u00e4tt att uppn\u00e5 f\u00f6ruts\u00e4gbarhet och stabilitet i elkostnaderna.\",\"breadcrumb\":{\"@id\":\"https:\/\/www.wpd.fi\/svenska\/elkopsavtal\/#breadcrumb\"},\"inLanguage\":\"en-US\",\"potentialAction\":[{\"@type\":\"ReadAction\",\"target\":[\"https:\/\/www.wpd.fi\/svenska\/elkopsavtal\/\"]}]},{\"@type\":\"ImageObject\",\"inLanguage\":\"en-US\",\"@id\":\"https:\/\/www.wpd.fi\/svenska\/elkopsavtal\/#primaryimage\",\"url\":\"https:\/\/www.wpd.fi\/svenska\/wp-content\/uploads\/sites\/3\/2025\/01\/shutterstock_1127528123-scaled-e1736426649678.jpg\",\"contentUrl\":\"https:\/\/www.wpd.fi\/svenska\/wp-content\/uploads\/sites\/3\/2025\/01\/shutterstock_1127528123-scaled-e1736426649678.jpg\",\"width\":2560,\"height\":1028},{\"@type\":\"BreadcrumbList\",\"@id\":\"https:\/\/www.wpd.fi\/svenska\/elkopsavtal\/#breadcrumb\",\"itemListElement\":[{\"@type\":\"ListItem\",\"position\":1,\"name\":\"Startseite\",\"item\":\"https:\/\/www.wpd.fi\/svenska\/\"},{\"@type\":\"ListItem\",\"position\":2,\"name\":\"F\u00f6r PPA-kunder\"}]},{\"@type\":\"WebSite\",\"@id\":\"https:\/\/www.wpd.fi\/svenska\/#website\",\"url\":\"https:\/\/www.wpd.fi\/svenska\/\",\"name\":\"wpd.fi Svenska\",\"description\":\"Utveckling, konstruktion och drift av projekt inom f\u00f6rnybar energi\",\"potentialAction\":[{\"@type\":\"SearchAction\",\"target\":{\"@type\":\"EntryPoint\",\"urlTemplate\":\"https:\/\/www.wpd.fi\/svenska\/?s={search_term_string}\"},\"query-input\":{\"@type\":\"PropertyValueSpecification\",\"valueRequired\":true,\"valueName\":\"search_term_string\"}}],\"inLanguage\":\"en-US\"}]}<\/script>\n<!-- \/ Yoast SEO plugin. -->","yoast_head_json":{"title":"F\u00f6r PPA-kunder","description":"Ett l\u00e5ngsiktigt elk\u00f6psavtal, eller PPA, \u00e4r ett utm\u00e4rkt s\u00e4tt att uppn\u00e5 f\u00f6ruts\u00e4gbarhet och stabilitet i elkostnaderna.","robots":{"index":"index","follow":"follow","max-snippet":"max-snippet:-1","max-image-preview":"max-image-preview:large","max-video-preview":"max-video-preview:-1"},"canonical":"https:\/\/www.wpd.fi\/svenska\/elkopsavtal\/","og_locale":"en_US","og_type":"article","og_title":"F\u00f6r PPA-kunder","og_description":"Ett l\u00e5ngsiktigt elk\u00f6psavtal, eller PPA, \u00e4r ett utm\u00e4rkt s\u00e4tt att uppn\u00e5 f\u00f6ruts\u00e4gbarhet och stabilitet i elkostnaderna.","og_url":"https:\/\/www.wpd.fi\/svenska\/elkopsavtal\/","og_site_name":"wpd.fi Svenska","article_modified_time":"2026-02-23T06:38:00+00:00","og_image":[{"width":2560,"height":1028,"url":"https:\/\/www.wpd.fi\/svenska\/wp-content\/uploads\/sites\/3\/2025\/01\/shutterstock_1127528123-scaled-e1736426649678.jpg","type":"image\/jpeg"}],"twitter_card":"summary_large_image","twitter_misc":{"Est. reading time":"1 minute"},"schema":{"@context":"https:\/\/schema.org","@graph":[{"@type":"WebPage","@id":"https:\/\/www.wpd.fi\/svenska\/elkopsavtal\/","url":"https:\/\/www.wpd.fi\/svenska\/elkopsavtal\/","name":"F\u00f6r PPA-kunder","isPartOf":{"@id":"https:\/\/www.wpd.fi\/svenska\/#website"},"primaryImageOfPage":{"@id":"https:\/\/www.wpd.fi\/svenska\/elkopsavtal\/#primaryimage"},"image":{"@id":"https:\/\/www.wpd.fi\/svenska\/elkopsavtal\/#primaryimage"},"thumbnailUrl":"https:\/\/www.wpd.fi\/svenska\/wp-content\/uploads\/sites\/3\/2025\/01\/shutterstock_1127528123-scaled-e1736426649678.jpg","datePublished":"2024-10-22T14:45:33+00:00","dateModified":"2026-02-23T06:38:00+00:00","description":"Ett l\u00e5ngsiktigt elk\u00f6psavtal, eller PPA, \u00e4r ett utm\u00e4rkt s\u00e4tt att uppn\u00e5 f\u00f6ruts\u00e4gbarhet och stabilitet i elkostnaderna.","breadcrumb":{"@id":"https:\/\/www.wpd.fi\/svenska\/elkopsavtal\/#breadcrumb"},"inLanguage":"en-US","potentialAction":[{"@type":"ReadAction","target":["https:\/\/www.wpd.fi\/svenska\/elkopsavtal\/"]}]},{"@type":"ImageObject","inLanguage":"en-US","@id":"https:\/\/www.wpd.fi\/svenska\/elkopsavtal\/#primaryimage","url":"https:\/\/www.wpd.fi\/svenska\/wp-content\/uploads\/sites\/3\/2025\/01\/shutterstock_1127528123-scaled-e1736426649678.jpg","contentUrl":"https:\/\/www.wpd.fi\/svenska\/wp-content\/uploads\/sites\/3\/2025\/01\/shutterstock_1127528123-scaled-e1736426649678.jpg","width":2560,"height":1028},{"@type":"BreadcrumbList","@id":"https:\/\/www.wpd.fi\/svenska\/elkopsavtal\/#breadcrumb","itemListElement":[{"@type":"ListItem","position":1,"name":"Startseite","item":"https:\/\/www.wpd.fi\/svenska\/"},{"@type":"ListItem","position":2,"name":"F\u00f6r PPA-kunder"}]},{"@type":"WebSite","@id":"https:\/\/www.wpd.fi\/svenska\/#website","url":"https:\/\/www.wpd.fi\/svenska\/","name":"wpd.fi Svenska","description":"Utveckling, konstruktion och drift av projekt inom f\u00f6rnybar energi","potentialAction":[{"@type":"SearchAction","target":{"@type":"EntryPoint","urlTemplate":"https:\/\/www.wpd.fi\/svenska\/?s={search_term_string}"},"query-input":{"@type":"PropertyValueSpecification","valueRequired":true,"valueName":"search_term_string"}}],"inLanguage":"en-US"}]}},"publishpress_future_action":{"enabled":false,"date":"2026-04-30 23:27:39","action":"change-status","newStatus":"draft","terms":[],"taxonomy":"","extraData":[]},"publishpress_future_workflow_manual_trigger":{"enabledWorkflows":[]},"_links":{"self":[{"href":"https:\/\/www.wpd.fi\/svenska\/wp-json\/wp\/v2\/pages\/4788","targetHints":{"allow":["GET"]}}],"collection":[{"href":"https:\/\/www.wpd.fi\/svenska\/wp-json\/wp\/v2\/pages"}],"about":[{"href":"https:\/\/www.wpd.fi\/svenska\/wp-json\/wp\/v2\/types\/page"}],"author":[{"embeddable":true,"href":"https:\/\/www.wpd.fi\/svenska\/wp-json\/wp\/v2\/users\/20"}],"replies":[{"embeddable":true,"href":"https:\/\/www.wpd.fi\/svenska\/wp-json\/wp\/v2\/comments?post=4788"}],"version-history":[{"count":162,"href":"https:\/\/www.wpd.fi\/svenska\/wp-json\/wp\/v2\/pages\/4788\/revisions"}],"predecessor-version":[{"id":8159,"href":"https:\/\/www.wpd.fi\/svenska\/wp-json\/wp\/v2\/pages\/4788\/revisions\/8159"}],"wp:featuredmedia":[{"embeddable":true,"href":"https:\/\/www.wpd.fi\/svenska\/wp-json\/wp\/v2\/media\/6662"}],"wp:attachment":[{"href":"https:\/\/www.wpd.fi\/svenska\/wp-json\/wp\/v2\/media?parent=4788"}],"curies":[{"name":"wp","href":"https:\/\/api.w.org\/{rel}","templated":true}]}}