{"id":496,"date":"2020-05-04T19:52:48","date_gmt":"2020-05-04T19:52:48","guid":{"rendered":"http:\/\/staging.wpd.fi\/?page_id=496"},"modified":"2026-01-23T07:56:44","modified_gmt":"2026-01-23T07:56:44","slug":"kontaktuppgifter","status":"publish","type":"page","link":"https:\/\/www.wpd.fi\/svenska\/kontaktuppgifter\/","title":{"rendered":"Kontaktuppgifter"},"content":{"rendered":"<p>Personalens e-postadresser \u00e4r <strong>den f\u00f6rsta bokstaven i &#x66;\u00f6&#114;&#110;&#97;mn&#x65;&#x74;&#x2e;&#x65;&#102;&#116;er&#x6e;&#x61;&#x6d;&#x6e;&#64;&#119;pd&#x2e;&#x66;&#x69;. <\/strong><\/p>\n<p>Nedan hittar du v\u00e5ra mer detaljerade kontaktuppgifter. Du kan kontakta oss med l\u00e5g tr\u00f6skel f\u00f6r alla fr\u00e5gor om v\u00e5rt f\u00f6retag.<\/p>\n","protected":false},"excerpt":{"rendered":"a:1:{i:0;s:0:&#8221;&#8221;;}  a:1:{i:0;s:3:&#8221;314&#8243;;}    0 0 0 ","protected":false},"author":1,"featured_media":1226,"parent":0,"menu_order":8,"comment_status":"closed","ping_status":"closed","template":"template-our_team.php","meta":{"_acf_changed":false,"footnotes":""},"class_list":["post-496","page","type-page","status-publish","has-post-thumbnail","hentry"],"acf":[],"yoast_head":"<!-- This site is optimized with the Yoast SEO plugin v27.0 - https:\/\/yoast.com\/product\/yoast-seo-wordpress\/ -->\n<title>Kontaktuppgifter<\/title>\n<meta name=\"description\" content=\"Kontakta oss. H\u00e4r hittar du v\u00e5ra wpd Finland Oy personer per projekt och kontaktuppgifter till wpd construction Finland Oy.\" \/>\n<meta name=\"robots\" content=\"index, follow, max-snippet:-1, max-image-preview:large, max-video-preview:-1\" \/>\n<link rel=\"canonical\" href=\"https:\/\/www.wpd.fi\/svenska\/kontaktuppgifter\/\" \/>\n<meta property=\"og:locale\" content=\"en_US\" \/>\n<meta property=\"og:type\" content=\"article\" \/>\n<meta property=\"og:title\" content=\"Kontaktuppgifter\" \/>\n<meta property=\"og:description\" content=\"Kontakta oss. H\u00e4r hittar du v\u00e5ra wpd Finland Oy personer per projekt och kontaktuppgifter till wpd construction Finland Oy.\" \/>\n<meta property=\"og:url\" content=\"https:\/\/www.wpd.fi\/svenska\/kontaktuppgifter\/\" \/>\n<meta property=\"og:site_name\" content=\"wpd.fi Svenska\" \/>\n<meta property=\"article:modified_time\" content=\"2026-01-23T07:56:44+00:00\" \/>\n<meta property=\"og:image\" content=\"https:\/\/www.wpd.fi\/svenska\/wp-content\/uploads\/sites\/3\/2020\/08\/Puiston\u00e4kym\u00e4_Jokela-scaled.jpg\" \/>\n\t<meta property=\"og:image:width\" content=\"2560\" \/>\n\t<meta property=\"og:image:height\" content=\"1696\" \/>\n\t<meta property=\"og:image:type\" content=\"image\/jpeg\" \/>\n<meta name=\"twitter:card\" content=\"summary_large_image\" \/>\n<meta name=\"twitter:label1\" content=\"Est. reading time\" \/>\n\t<meta name=\"twitter:data1\" content=\"1 minute\" \/>\n<script type=\"application\/ld+json\" class=\"yoast-schema-graph\">{\"@context\":\"https:\/\/schema.org\",\"@graph\":[{\"@type\":\"WebPage\",\"@id\":\"https:\/\/www.wpd.fi\/svenska\/kontaktuppgifter\/\",\"url\":\"https:\/\/www.wpd.fi\/svenska\/kontaktuppgifter\/\",\"name\":\"Kontaktuppgifter\",\"isPartOf\":{\"@id\":\"https:\/\/www.wpd.fi\/svenska\/#website\"},\"primaryImageOfPage\":{\"@id\":\"https:\/\/www.wpd.fi\/svenska\/kontaktuppgifter\/#primaryimage\"},\"image\":{\"@id\":\"https:\/\/www.wpd.fi\/svenska\/kontaktuppgifter\/#primaryimage\"},\"thumbnailUrl\":\"https:\/\/www.wpd.fi\/svenska\/wp-content\/uploads\/sites\/3\/2020\/08\/Puiston\u00e4kym\u00e4_Jokela-scaled.jpg\",\"datePublished\":\"2020-05-04T19:52:48+00:00\",\"dateModified\":\"2026-01-23T07:56:44+00:00\",\"description\":\"Kontakta oss. H\u00e4r hittar du v\u00e5ra wpd Finland Oy personer per projekt och kontaktuppgifter till wpd construction Finland Oy.\",\"breadcrumb\":{\"@id\":\"https:\/\/www.wpd.fi\/svenska\/kontaktuppgifter\/#breadcrumb\"},\"inLanguage\":\"en-US\",\"potentialAction\":[{\"@type\":\"ReadAction\",\"target\":[\"https:\/\/www.wpd.fi\/svenska\/kontaktuppgifter\/\"]}]},{\"@type\":\"ImageObject\",\"inLanguage\":\"en-US\",\"@id\":\"https:\/\/www.wpd.fi\/svenska\/kontaktuppgifter\/#primaryimage\",\"url\":\"https:\/\/www.wpd.fi\/svenska\/wp-content\/uploads\/sites\/3\/2020\/08\/Puiston\u00e4kym\u00e4_Jokela-scaled.jpg\",\"contentUrl\":\"https:\/\/www.wpd.fi\/svenska\/wp-content\/uploads\/sites\/3\/2020\/08\/Puiston\u00e4kym\u00e4_Jokela-scaled.jpg\",\"width\":2560,\"height\":1696},{\"@type\":\"BreadcrumbList\",\"@id\":\"https:\/\/www.wpd.fi\/svenska\/kontaktuppgifter\/#breadcrumb\",\"itemListElement\":[{\"@type\":\"ListItem\",\"position\":1,\"name\":\"Startseite\",\"item\":\"https:\/\/www.wpd.fi\/svenska\/\"},{\"@type\":\"ListItem\",\"position\":2,\"name\":\"Kontaktuppgifter\"}]},{\"@type\":\"WebSite\",\"@id\":\"https:\/\/www.wpd.fi\/svenska\/#website\",\"url\":\"https:\/\/www.wpd.fi\/svenska\/\",\"name\":\"wpd.fi Svenska\",\"description\":\"Utveckling, konstruktion och drift av projekt inom f\u00f6rnybar energi\",\"potentialAction\":[{\"@type\":\"SearchAction\",\"target\":{\"@type\":\"EntryPoint\",\"urlTemplate\":\"https:\/\/www.wpd.fi\/svenska\/?s={search_term_string}\"},\"query-input\":{\"@type\":\"PropertyValueSpecification\",\"valueRequired\":true,\"valueName\":\"search_term_string\"}}],\"inLanguage\":\"en-US\"}]}<\/script>\n<!-- \/ Yoast SEO plugin. -->","yoast_head_json":{"title":"Kontaktuppgifter","description":"Kontakta oss. H\u00e4r hittar du v\u00e5ra wpd Finland Oy personer per projekt och kontaktuppgifter till wpd construction Finland Oy.","robots":{"index":"index","follow":"follow","max-snippet":"max-snippet:-1","max-image-preview":"max-image-preview:large","max-video-preview":"max-video-preview:-1"},"canonical":"https:\/\/www.wpd.fi\/svenska\/kontaktuppgifter\/","og_locale":"en_US","og_type":"article","og_title":"Kontaktuppgifter","og_description":"Kontakta oss. H\u00e4r hittar du v\u00e5ra wpd Finland Oy personer per projekt och kontaktuppgifter till wpd construction Finland Oy.","og_url":"https:\/\/www.wpd.fi\/svenska\/kontaktuppgifter\/","og_site_name":"wpd.fi Svenska","article_modified_time":"2026-01-23T07:56:44+00:00","og_image":[{"width":2560,"height":1696,"url":"https:\/\/www.wpd.fi\/svenska\/wp-content\/uploads\/sites\/3\/2020\/08\/Puiston\u00e4kym\u00e4_Jokela-scaled.jpg","type":"image\/jpeg"}],"twitter_card":"summary_large_image","twitter_misc":{"Est. reading time":"1 minute"},"schema":{"@context":"https:\/\/schema.org","@graph":[{"@type":"WebPage","@id":"https:\/\/www.wpd.fi\/svenska\/kontaktuppgifter\/","url":"https:\/\/www.wpd.fi\/svenska\/kontaktuppgifter\/","name":"Kontaktuppgifter","isPartOf":{"@id":"https:\/\/www.wpd.fi\/svenska\/#website"},"primaryImageOfPage":{"@id":"https:\/\/www.wpd.fi\/svenska\/kontaktuppgifter\/#primaryimage"},"image":{"@id":"https:\/\/www.wpd.fi\/svenska\/kontaktuppgifter\/#primaryimage"},"thumbnailUrl":"https:\/\/www.wpd.fi\/svenska\/wp-content\/uploads\/sites\/3\/2020\/08\/Puiston\u00e4kym\u00e4_Jokela-scaled.jpg","datePublished":"2020-05-04T19:52:48+00:00","dateModified":"2026-01-23T07:56:44+00:00","description":"Kontakta oss. H\u00e4r hittar du v\u00e5ra wpd Finland Oy personer per projekt och kontaktuppgifter till wpd construction Finland Oy.","breadcrumb":{"@id":"https:\/\/www.wpd.fi\/svenska\/kontaktuppgifter\/#breadcrumb"},"inLanguage":"en-US","potentialAction":[{"@type":"ReadAction","target":["https:\/\/www.wpd.fi\/svenska\/kontaktuppgifter\/"]}]},{"@type":"ImageObject","inLanguage":"en-US","@id":"https:\/\/www.wpd.fi\/svenska\/kontaktuppgifter\/#primaryimage","url":"https:\/\/www.wpd.fi\/svenska\/wp-content\/uploads\/sites\/3\/2020\/08\/Puiston\u00e4kym\u00e4_Jokela-scaled.jpg","contentUrl":"https:\/\/www.wpd.fi\/svenska\/wp-content\/uploads\/sites\/3\/2020\/08\/Puiston\u00e4kym\u00e4_Jokela-scaled.jpg","width":2560,"height":1696},{"@type":"BreadcrumbList","@id":"https:\/\/www.wpd.fi\/svenska\/kontaktuppgifter\/#breadcrumb","itemListElement":[{"@type":"ListItem","position":1,"name":"Startseite","item":"https:\/\/www.wpd.fi\/svenska\/"},{"@type":"ListItem","position":2,"name":"Kontaktuppgifter"}]},{"@type":"WebSite","@id":"https:\/\/www.wpd.fi\/svenska\/#website","url":"https:\/\/www.wpd.fi\/svenska\/","name":"wpd.fi Svenska","description":"Utveckling, konstruktion och drift av projekt inom f\u00f6rnybar energi","potentialAction":[{"@type":"SearchAction","target":{"@type":"EntryPoint","urlTemplate":"https:\/\/www.wpd.fi\/svenska\/?s={search_term_string}"},"query-input":{"@type":"PropertyValueSpecification","valueRequired":true,"valueName":"search_term_string"}}],"inLanguage":"en-US"}]}},"publishpress_future_action":{"enabled":false,"date":"2026-04-30 23:26:57","action":"change-status","newStatus":"draft","terms":[],"taxonomy":"","extraData":[]},"publishpress_future_workflow_manual_trigger":{"enabledWorkflows":[]},"_links":{"self":[{"href":"https:\/\/www.wpd.fi\/svenska\/wp-json\/wp\/v2\/pages\/496","targetHints":{"allow":["GET"]}}],"collection":[{"href":"https:\/\/www.wpd.fi\/svenska\/wp-json\/wp\/v2\/pages"}],"about":[{"href":"https:\/\/www.wpd.fi\/svenska\/wp-json\/wp\/v2\/types\/page"}],"author":[{"embeddable":true,"href":"https:\/\/www.wpd.fi\/svenska\/wp-json\/wp\/v2\/users\/1"}],"replies":[{"embeddable":true,"href":"https:\/\/www.wpd.fi\/svenska\/wp-json\/wp\/v2\/comments?post=496"}],"version-history":[{"count":24,"href":"https:\/\/www.wpd.fi\/svenska\/wp-json\/wp\/v2\/pages\/496\/revisions"}],"predecessor-version":[{"id":8216,"href":"https:\/\/www.wpd.fi\/svenska\/wp-json\/wp\/v2\/pages\/496\/revisions\/8216"}],"wp:featuredmedia":[{"embeddable":true,"href":"https:\/\/www.wpd.fi\/svenska\/wp-json\/wp\/v2\/media\/1226"}],"wp:attachment":[{"href":"https:\/\/www.wpd.fi\/svenska\/wp-json\/wp\/v2\/media?parent=496"}],"curies":[{"name":"wp","href":"https:\/\/api.w.org\/{rel}","templated":true}]}}