{"id":5003,"date":"2024-10-02T10:23:58","date_gmt":"2024-10-02T10:23:58","guid":{"rendered":"https:\/\/www.wpd.fi\/svenska\/?page_id=5003"},"modified":"2026-01-12T00:05:03","modified_gmt":"2026-01-12T00:05:03","slug":"etusivu-neu","status":"publish","type":"page","link":"https:\/\/www.wpd.fi\/svenska\/","title":{"rendered":"Hemsida"},"content":{"rendered":"","protected":false},"excerpt":{"rendered":"a:1:{i:0;s:0:&#8221;&#8221;;}      0 0 a:3:{i:0;s:23:&#8221;geschaeftsfelder-teaser&#8221;;i:1;s:21:&#8221;two_colums_text_image&#8221;;i:2;s:11:&#8221;text-normal&#8221;;} Utveckling, konstruktion och drift av projekt inom f\u00f6rnybar energi 1 0 0  7859 a:3:{s:5:&#8221;title&#8221;;s:23:&#8221;V\u00e5ra projekt i Finland&#8221;;s:3:&#8221;url&#8221;;s:35:&#8221;https:\/\/www.wpd.fi\/ymparistovastuu\/&#8221;;s:6:&#8221;target&#8221;;s:6:&#8221;_blank&#8221;;}  bild_rechts 6852 wpd Finland Vi utvecklar vind- och solkraftsprojekt \u00f6ver hela landet. Vi har byggt sju vindkraftsparker och utvecklar f\u00f6r n\u00e4rvarande mer \u00e4n ett dussin vindkraftsprojekt, vilket motsvarar \u00f6ver 400 turbiner. Solkraft blir ocks\u00e5 allt vanligare i v\u00e5r portf\u00f6lj.\r\n\r\n[insert_button link=\"https:\/\/www.wpd.fi\/svenska\/projekt-i-finland\/\" button_text=\"V\u00e5ra projekt i Finland\"]   dunkelblau 0    \u00c4r du intresserad av att arrendera ut din mark f\u00f6r vind- eller solkraft? Vi letar alltid efter nya projektomr\u00e5den. L\u00e4s mer om v\u00e5r verksamhet ur mark\u00e4garens perspektiv och kontakta oss.\r\n\r\n[insert_button link=\"https:\/\/www.wpd.fi\/svenska\/till_markagaren\/\" button_text=\"Till mark\u00e4garen\"]   7894 0   fiftififti 1 links kein_schmuck weiss 0 ","protected":false},"author":2,"featured_media":0,"parent":0,"menu_order":17,"comment_status":"closed","ping_status":"closed","template":"template-start.php","meta":{"_acf_changed":false,"footnotes":""},"class_list":["post-5003","page","type-page","status-publish","hentry"],"acf":[],"yoast_head":"<!-- This site is optimized with the Yoast SEO plugin v27.0 - https:\/\/yoast.com\/product\/yoast-seo-wordpress\/ -->\n<title>Hemsida<\/title>\n<meta name=\"robots\" content=\"index, follow, max-snippet:-1, max-image-preview:large, max-video-preview:-1\" \/>\n<link rel=\"canonical\" href=\"https:\/\/www.wpd.fi\/svenska\/\" \/>\n<meta property=\"og:locale\" content=\"en_US\" \/>\n<meta property=\"og:type\" content=\"article\" \/>\n<meta property=\"og:title\" content=\"Hemsida\" \/>\n<meta property=\"og:url\" content=\"https:\/\/www.wpd.fi\/svenska\/\" \/>\n<meta property=\"og:site_name\" content=\"wpd.fi Svenska\" \/>\n<meta property=\"article:modified_time\" content=\"2026-01-12T00:05:03+00:00\" \/>\n<meta name=\"twitter:card\" content=\"summary_large_image\" \/>\n<script type=\"application\/ld+json\" class=\"yoast-schema-graph\">{\"@context\":\"https:\/\/schema.org\",\"@graph\":[{\"@type\":\"WebPage\",\"@id\":\"https:\/\/www.wpd.fi\/svenska\/\",\"url\":\"https:\/\/www.wpd.fi\/svenska\/\",\"name\":\"Hemsida\",\"isPartOf\":{\"@id\":\"https:\/\/www.wpd.fi\/svenska\/#website\"},\"datePublished\":\"2024-10-02T10:23:58+00:00\",\"dateModified\":\"2026-01-12T00:05:03+00:00\",\"breadcrumb\":{\"@id\":\"https:\/\/www.wpd.fi\/svenska\/#breadcrumb\"},\"inLanguage\":\"en-US\",\"potentialAction\":[{\"@type\":\"ReadAction\",\"target\":[\"https:\/\/www.wpd.fi\/svenska\/\"]}]},{\"@type\":\"BreadcrumbList\",\"@id\":\"https:\/\/www.wpd.fi\/svenska\/#breadcrumb\",\"itemListElement\":[{\"@type\":\"ListItem\",\"position\":1,\"name\":\"Startseite\",\"item\":\"https:\/\/www.wpd.fi\/svenska\/\"},{\"@type\":\"ListItem\",\"position\":2,\"name\":\"Hemsida\"}]},{\"@type\":\"WebSite\",\"@id\":\"https:\/\/www.wpd.fi\/svenska\/#website\",\"url\":\"https:\/\/www.wpd.fi\/svenska\/\",\"name\":\"wpd.fi Svenska\",\"description\":\"Utveckling, konstruktion och drift av projekt inom f\u00f6rnybar energi\",\"potentialAction\":[{\"@type\":\"SearchAction\",\"target\":{\"@type\":\"EntryPoint\",\"urlTemplate\":\"https:\/\/www.wpd.fi\/svenska\/?s={search_term_string}\"},\"query-input\":{\"@type\":\"PropertyValueSpecification\",\"valueRequired\":true,\"valueName\":\"search_term_string\"}}],\"inLanguage\":\"en-US\"}]}<\/script>\n<!-- \/ Yoast SEO plugin. -->","yoast_head_json":{"title":"Hemsida","robots":{"index":"index","follow":"follow","max-snippet":"max-snippet:-1","max-image-preview":"max-image-preview:large","max-video-preview":"max-video-preview:-1"},"canonical":"https:\/\/www.wpd.fi\/svenska\/","og_locale":"en_US","og_type":"article","og_title":"Hemsida","og_url":"https:\/\/www.wpd.fi\/svenska\/","og_site_name":"wpd.fi Svenska","article_modified_time":"2026-01-12T00:05:03+00:00","twitter_card":"summary_large_image","schema":{"@context":"https:\/\/schema.org","@graph":[{"@type":"WebPage","@id":"https:\/\/www.wpd.fi\/svenska\/","url":"https:\/\/www.wpd.fi\/svenska\/","name":"Hemsida","isPartOf":{"@id":"https:\/\/www.wpd.fi\/svenska\/#website"},"datePublished":"2024-10-02T10:23:58+00:00","dateModified":"2026-01-12T00:05:03+00:00","breadcrumb":{"@id":"https:\/\/www.wpd.fi\/svenska\/#breadcrumb"},"inLanguage":"en-US","potentialAction":[{"@type":"ReadAction","target":["https:\/\/www.wpd.fi\/svenska\/"]}]},{"@type":"BreadcrumbList","@id":"https:\/\/www.wpd.fi\/svenska\/#breadcrumb","itemListElement":[{"@type":"ListItem","position":1,"name":"Startseite","item":"https:\/\/www.wpd.fi\/svenska\/"},{"@type":"ListItem","position":2,"name":"Hemsida"}]},{"@type":"WebSite","@id":"https:\/\/www.wpd.fi\/svenska\/#website","url":"https:\/\/www.wpd.fi\/svenska\/","name":"wpd.fi Svenska","description":"Utveckling, konstruktion och drift av projekt inom f\u00f6rnybar energi","potentialAction":[{"@type":"SearchAction","target":{"@type":"EntryPoint","urlTemplate":"https:\/\/www.wpd.fi\/svenska\/?s={search_term_string}"},"query-input":{"@type":"PropertyValueSpecification","valueRequired":true,"valueName":"search_term_string"}}],"inLanguage":"en-US"}]}},"publishpress_future_action":{"enabled":false,"date":"2026-04-30 22:13:31","action":"change-status","newStatus":"draft","terms":[],"taxonomy":"","extraData":[]},"publishpress_future_workflow_manual_trigger":{"enabledWorkflows":[]},"_links":{"self":[{"href":"https:\/\/www.wpd.fi\/svenska\/wp-json\/wp\/v2\/pages\/5003","targetHints":{"allow":["GET"]}}],"collection":[{"href":"https:\/\/www.wpd.fi\/svenska\/wp-json\/wp\/v2\/pages"}],"about":[{"href":"https:\/\/www.wpd.fi\/svenska\/wp-json\/wp\/v2\/types\/page"}],"author":[{"embeddable":true,"href":"https:\/\/www.wpd.fi\/svenska\/wp-json\/wp\/v2\/users\/2"}],"replies":[{"embeddable":true,"href":"https:\/\/www.wpd.fi\/svenska\/wp-json\/wp\/v2\/comments?post=5003"}],"version-history":[{"count":159,"href":"https:\/\/www.wpd.fi\/svenska\/wp-json\/wp\/v2\/pages\/5003\/revisions"}],"predecessor-version":[{"id":8184,"href":"https:\/\/www.wpd.fi\/svenska\/wp-json\/wp\/v2\/pages\/5003\/revisions\/8184"}],"wp:attachment":[{"href":"https:\/\/www.wpd.fi\/svenska\/wp-json\/wp\/v2\/media?parent=5003"}],"curies":[{"name":"wp","href":"https:\/\/api.w.org\/{rel}","templated":true}]}}