{"id":5823,"date":"2024-11-08T13:16:51","date_gmt":"2024-11-08T13:16:51","guid":{"rendered":"https:\/\/www.wpd.fi\/svenska\/?page_id=5823"},"modified":"2026-03-13T13:32:26","modified_gmt":"2026-03-13T13:32:26","slug":"projekt-i-finland","status":"publish","type":"page","link":"https:\/\/www.wpd.fi\/svenska\/projekt-i-finland\/","title":{"rendered":"Projekt i Finland"},"content":{"rendered":"","protected":false},"excerpt":{"rendered":"a:1:{i:0;s:0:&#8221;&#8221;;} a:4:{i:0;s:11:&#8221;text-normal&#8221;;i:1;s:24:&#8221;projekthighlights-teaser&#8221;;i:2;s:24:&#8221;projekthighlights-teaser&#8221;;i:3;s:11:&#8221;text-normal&#8221;;}  a:1:{i:0;s:3:&#8221;314&#8243;;}    0 1  0  Projekt i Finland  Vi utvecklar vind- och solkraftsprojekt \u00f6ver hela landet. Vi har byggt sju vindkraftsparker och utvecklar f\u00f6r n\u00e4rvarande mer \u00e4n ett dussin vindkraftsprojekt, vilket motsvarar \u00f6ver 400 turbiner. Solkraft blir ocks\u00e5 allt vanligare i v\u00e5r portf\u00f6lj.\r\n\r\nKolla in v\u00e5ra p\u00e5g\u00e5ende och avslutade projekt nedan! (Obs! Projektbeskrivningar f\u00f6r svensktalande omr\u00e5den finns p\u00e5 tv\u00e5 spr\u00e5k, medan beskrivningarna f\u00f6r finsktalande omr\u00e5den endast p\u00e5 finska.)     0 kein_schmuck weiss 0 Project under utveckling: als_card a:10:{i:0;s:4:&#8221;6564&#8243;;i:1;s:4:&#8221;4523&#8243;;i:2;s:4:&#8221;4933&#8243;;i:3;s:4:&#8221;6362&#8243;;i:4;s:4:&#8221;6351&#8243;;i:5;s:4:&#8221;6477&#8243;;i:6;s:4:&#8221;6473&#8243;;i:7;s:4:&#8221;6475&#8243;;i:8;s:4:&#8221;6471&#8243;;i:9;s:3:&#8221;523&#8243;;}   weiss kein_schmuck 1 Tuotannossa olevat hankkeet: als_card a:5:{i:0;s:3:&#8221;490&#8243;;i:1;s:3:&#8221;507&#8243;;i:2;s:3:&#8221;506&#8243;;i:3;s:3:&#8221;528&#8243;;i:4;s:3:&#8221;508&#8243;;}   grau kein_schmuck 0    <h3><strong>Myydyt hankkeet:<\/strong><\/h3>\r\n<ul>\r\n \t<li><a href=\"https:\/\/www.wpd.fi\/svenska\/projects\/oulainen-maaselankangas\/\">Maasel\u00e4nkangas, Oulainen<\/a>: 7 x 5,9 MW (41,3 MW). Omistaja DWS Group.<\/li>\r\n \t<li>Jokela, Kalajoki: 12 x 3,0 MW (36 MW). Omistaja Suomen Hy\u00f6tytuuli Oy.<\/li>\r\n \t<li>Kuuronkallio, Kannus: 14 x 4,2 MW (58,8 MW). Omistaja Commerz Real AG.<\/li>\r\n<\/ul>     0 kein_schmuck grau 0 ","protected":false},"author":2,"featured_media":4619,"parent":0,"menu_order":10,"comment_status":"closed","ping_status":"closed","template":"template-flexible-contents.php","meta":{"_acf_changed":false,"footnotes":""},"class_list":["post-5823","page","type-page","status-publish","has-post-thumbnail","hentry"],"acf":[],"yoast_head":"<!-- This site is optimized with the Yoast SEO plugin v27.0 - https:\/\/yoast.com\/product\/yoast-seo-wordpress\/ -->\n<title>Projekt i Finland<\/title>\n<meta name=\"description\" content=\"Wpd utvecklar vind- och solkraftsprojekt \u00f6ver hela landet. Kolla in v\u00e5ra p\u00e5g\u00e5ende och avslutade projekt nedan!\" \/>\n<meta name=\"robots\" content=\"index, follow, max-snippet:-1, max-image-preview:large, max-video-preview:-1\" \/>\n<link rel=\"canonical\" href=\"https:\/\/www.wpd.fi\/svenska\/projekt-i-finland\/\" \/>\n<meta property=\"og:locale\" content=\"en_US\" \/>\n<meta property=\"og:type\" content=\"article\" \/>\n<meta property=\"og:title\" content=\"Projekt i Finland\" \/>\n<meta property=\"og:description\" content=\"Wpd utvecklar vind- och solkraftsprojekt \u00f6ver hela landet. Kolla in v\u00e5ra p\u00e5g\u00e5ende och avslutade projekt nedan!\" \/>\n<meta property=\"og:url\" content=\"https:\/\/www.wpd.fi\/svenska\/projekt-i-finland\/\" \/>\n<meta property=\"og:site_name\" content=\"wpd.fi Svenska\" \/>\n<meta property=\"article:modified_time\" content=\"2026-03-13T13:32:26+00:00\" \/>\n<meta property=\"og:image\" content=\"https:\/\/www.wpd.fi\/svenska\/wp-content\/uploads\/sites\/3\/2024\/08\/Tuulivoimakuva-1500x842.png\" \/>\n\t<meta property=\"og:image:width\" content=\"1500\" \/>\n\t<meta property=\"og:image:height\" content=\"842\" \/>\n\t<meta property=\"og:image:type\" content=\"image\/png\" \/>\n<meta name=\"twitter:card\" content=\"summary_large_image\" \/>\n<meta name=\"twitter:label1\" content=\"Est. reading time\" \/>\n\t<meta name=\"twitter:data1\" content=\"1 minute\" \/>\n<script type=\"application\/ld+json\" class=\"yoast-schema-graph\">{\"@context\":\"https:\/\/schema.org\",\"@graph\":[{\"@type\":\"WebPage\",\"@id\":\"https:\/\/www.wpd.fi\/svenska\/projekt-i-finland\/\",\"url\":\"https:\/\/www.wpd.fi\/svenska\/projekt-i-finland\/\",\"name\":\"Projekt i Finland\",\"isPartOf\":{\"@id\":\"https:\/\/www.wpd.fi\/svenska\/#website\"},\"primaryImageOfPage\":{\"@id\":\"https:\/\/www.wpd.fi\/svenska\/projekt-i-finland\/#primaryimage\"},\"image\":{\"@id\":\"https:\/\/www.wpd.fi\/svenska\/projekt-i-finland\/#primaryimage\"},\"thumbnailUrl\":\"https:\/\/www.wpd.fi\/svenska\/wp-content\/uploads\/sites\/3\/2024\/08\/Tuulivoimakuva.png\",\"datePublished\":\"2024-11-08T13:16:51+00:00\",\"dateModified\":\"2026-03-13T13:32:26+00:00\",\"description\":\"Wpd utvecklar vind- och solkraftsprojekt \u00f6ver hela landet. Kolla in v\u00e5ra p\u00e5g\u00e5ende och avslutade projekt nedan!\",\"breadcrumb\":{\"@id\":\"https:\/\/www.wpd.fi\/svenska\/projekt-i-finland\/#breadcrumb\"},\"inLanguage\":\"en-US\",\"potentialAction\":[{\"@type\":\"ReadAction\",\"target\":[\"https:\/\/www.wpd.fi\/svenska\/projekt-i-finland\/\"]}]},{\"@type\":\"ImageObject\",\"inLanguage\":\"en-US\",\"@id\":\"https:\/\/www.wpd.fi\/svenska\/projekt-i-finland\/#primaryimage\",\"url\":\"https:\/\/www.wpd.fi\/svenska\/wp-content\/uploads\/sites\/3\/2024\/08\/Tuulivoimakuva.png\",\"contentUrl\":\"https:\/\/www.wpd.fi\/svenska\/wp-content\/uploads\/sites\/3\/2024\/08\/Tuulivoimakuva.png\",\"width\":1628,\"height\":914},{\"@type\":\"BreadcrumbList\",\"@id\":\"https:\/\/www.wpd.fi\/svenska\/projekt-i-finland\/#breadcrumb\",\"itemListElement\":[{\"@type\":\"ListItem\",\"position\":1,\"name\":\"Startseite\",\"item\":\"https:\/\/www.wpd.fi\/svenska\/\"},{\"@type\":\"ListItem\",\"position\":2,\"name\":\"Projekt i Finland\"}]},{\"@type\":\"WebSite\",\"@id\":\"https:\/\/www.wpd.fi\/svenska\/#website\",\"url\":\"https:\/\/www.wpd.fi\/svenska\/\",\"name\":\"wpd.fi Svenska\",\"description\":\"Utveckling, konstruktion och drift av projekt inom f\u00f6rnybar energi\",\"potentialAction\":[{\"@type\":\"SearchAction\",\"target\":{\"@type\":\"EntryPoint\",\"urlTemplate\":\"https:\/\/www.wpd.fi\/svenska\/?s={search_term_string}\"},\"query-input\":{\"@type\":\"PropertyValueSpecification\",\"valueRequired\":true,\"valueName\":\"search_term_string\"}}],\"inLanguage\":\"en-US\"}]}<\/script>\n<!-- \/ Yoast SEO plugin. -->","yoast_head_json":{"title":"Projekt i Finland","description":"Wpd utvecklar vind- och solkraftsprojekt \u00f6ver hela landet. Kolla in v\u00e5ra p\u00e5g\u00e5ende och avslutade projekt nedan!","robots":{"index":"index","follow":"follow","max-snippet":"max-snippet:-1","max-image-preview":"max-image-preview:large","max-video-preview":"max-video-preview:-1"},"canonical":"https:\/\/www.wpd.fi\/svenska\/projekt-i-finland\/","og_locale":"en_US","og_type":"article","og_title":"Projekt i Finland","og_description":"Wpd utvecklar vind- och solkraftsprojekt \u00f6ver hela landet. Kolla in v\u00e5ra p\u00e5g\u00e5ende och avslutade projekt nedan!","og_url":"https:\/\/www.wpd.fi\/svenska\/projekt-i-finland\/","og_site_name":"wpd.fi Svenska","article_modified_time":"2026-03-13T13:32:26+00:00","og_image":[{"width":1500,"height":842,"url":"https:\/\/www.wpd.fi\/svenska\/wp-content\/uploads\/sites\/3\/2024\/08\/Tuulivoimakuva-1500x842.png","type":"image\/png"}],"twitter_card":"summary_large_image","twitter_misc":{"Est. reading time":"1 minute"},"schema":{"@context":"https:\/\/schema.org","@graph":[{"@type":"WebPage","@id":"https:\/\/www.wpd.fi\/svenska\/projekt-i-finland\/","url":"https:\/\/www.wpd.fi\/svenska\/projekt-i-finland\/","name":"Projekt i Finland","isPartOf":{"@id":"https:\/\/www.wpd.fi\/svenska\/#website"},"primaryImageOfPage":{"@id":"https:\/\/www.wpd.fi\/svenska\/projekt-i-finland\/#primaryimage"},"image":{"@id":"https:\/\/www.wpd.fi\/svenska\/projekt-i-finland\/#primaryimage"},"thumbnailUrl":"https:\/\/www.wpd.fi\/svenska\/wp-content\/uploads\/sites\/3\/2024\/08\/Tuulivoimakuva.png","datePublished":"2024-11-08T13:16:51+00:00","dateModified":"2026-03-13T13:32:26+00:00","description":"Wpd utvecklar vind- och solkraftsprojekt \u00f6ver hela landet. Kolla in v\u00e5ra p\u00e5g\u00e5ende och avslutade projekt nedan!","breadcrumb":{"@id":"https:\/\/www.wpd.fi\/svenska\/projekt-i-finland\/#breadcrumb"},"inLanguage":"en-US","potentialAction":[{"@type":"ReadAction","target":["https:\/\/www.wpd.fi\/svenska\/projekt-i-finland\/"]}]},{"@type":"ImageObject","inLanguage":"en-US","@id":"https:\/\/www.wpd.fi\/svenska\/projekt-i-finland\/#primaryimage","url":"https:\/\/www.wpd.fi\/svenska\/wp-content\/uploads\/sites\/3\/2024\/08\/Tuulivoimakuva.png","contentUrl":"https:\/\/www.wpd.fi\/svenska\/wp-content\/uploads\/sites\/3\/2024\/08\/Tuulivoimakuva.png","width":1628,"height":914},{"@type":"BreadcrumbList","@id":"https:\/\/www.wpd.fi\/svenska\/projekt-i-finland\/#breadcrumb","itemListElement":[{"@type":"ListItem","position":1,"name":"Startseite","item":"https:\/\/www.wpd.fi\/svenska\/"},{"@type":"ListItem","position":2,"name":"Projekt i Finland"}]},{"@type":"WebSite","@id":"https:\/\/www.wpd.fi\/svenska\/#website","url":"https:\/\/www.wpd.fi\/svenska\/","name":"wpd.fi Svenska","description":"Utveckling, konstruktion och drift av projekt inom f\u00f6rnybar energi","potentialAction":[{"@type":"SearchAction","target":{"@type":"EntryPoint","urlTemplate":"https:\/\/www.wpd.fi\/svenska\/?s={search_term_string}"},"query-input":{"@type":"PropertyValueSpecification","valueRequired":true,"valueName":"search_term_string"}}],"inLanguage":"en-US"}]}},"publishpress_future_action":{"enabled":false,"date":"2026-04-30 23:27:38","action":"change-status","newStatus":"draft","terms":[],"taxonomy":"","extraData":[]},"publishpress_future_workflow_manual_trigger":{"enabledWorkflows":[]},"_links":{"self":[{"href":"https:\/\/www.wpd.fi\/svenska\/wp-json\/wp\/v2\/pages\/5823","targetHints":{"allow":["GET"]}}],"collection":[{"href":"https:\/\/www.wpd.fi\/svenska\/wp-json\/wp\/v2\/pages"}],"about":[{"href":"https:\/\/www.wpd.fi\/svenska\/wp-json\/wp\/v2\/types\/page"}],"author":[{"embeddable":true,"href":"https:\/\/www.wpd.fi\/svenska\/wp-json\/wp\/v2\/users\/2"}],"replies":[{"embeddable":true,"href":"https:\/\/www.wpd.fi\/svenska\/wp-json\/wp\/v2\/comments?post=5823"}],"version-history":[{"count":104,"href":"https:\/\/www.wpd.fi\/svenska\/wp-json\/wp\/v2\/pages\/5823\/revisions"}],"predecessor-version":[{"id":8239,"href":"https:\/\/www.wpd.fi\/svenska\/wp-json\/wp\/v2\/pages\/5823\/revisions\/8239"}],"wp:featuredmedia":[{"embeddable":true,"href":"https:\/\/www.wpd.fi\/svenska\/wp-json\/wp\/v2\/media\/4619"}],"wp:attachment":[{"href":"https:\/\/www.wpd.fi\/svenska\/wp-json\/wp\/v2\/media?parent=5823"}],"curies":[{"name":"wp","href":"https:\/\/api.w.org\/{rel}","templated":true}]}}